{"id":641,"date":"2023-03-21T10:51:07","date_gmt":"2023-03-21T09:51:07","guid":{"rendered":"https:\/\/www.bittmann-verlag.com\/HP2023\/?page_id=641"},"modified":"2024-04-22T04:09:10","modified_gmt":"2024-04-22T02:09:10","slug":"ueberuns","status":"publish","type":"page","link":"https:\/\/www.bittmann-verlag.com\/en\/ueberuns\/","title":{"rendered":"About us"},"content":{"rendered":"<h2 style=\"text-align: left;\">\u8457\u8005\u7d39\u4ecb<\/h2>\n<div class=\"wp-block-group\">\n<div class=\"wp-block-columns\">\n<div class=\"wp-block-column\" style=\"flex-basis: 100%;\">\n<div class=\"wp-block-cover__inner-container\">\n<p class=\"has-text-align-center has-huge-font-size\"><img loading=\"lazy\" decoding=\"async\" class=\"alignnone size-medium wp-image-503 aligncenter\" src=\"https:\/\/www.bittmann-verlag.com\/\/wp-content\/uploads\/2023\/03\/kyoto12-2-2-194x300.jpg\" alt=\"\" width=\"194\" height=\"300\" srcset=\"https:\/\/www.bittmann-verlag.com\/wp-content\/uploads\/2023\/03\/kyoto12-2-2-194x300.jpg 194w, https:\/\/www.bittmann-verlag.com\/wp-content\/uploads\/2023\/03\/kyoto12-2-2-324x500.jpg 324w, https:\/\/www.bittmann-verlag.com\/wp-content\/uploads\/2023\/03\/kyoto12-2-2-416x642.jpg 416w, https:\/\/www.bittmann-verlag.com\/wp-content\/uploads\/2023\/03\/kyoto12-2-2-663x1024.jpg 663w, https:\/\/www.bittmann-verlag.com\/wp-content\/uploads\/2023\/03\/kyoto12-2-2.jpg 709w\" sizes=\"auto, (max-width: 194px) 100vw, 194px\" \/><\/p>\n<p class=\"has-text-align-center has-huge-font-size\"><img loading=\"lazy\" decoding=\"async\" class=\"aligncenter wp-image-494 size-medium\" src=\"https:\/\/www.bittmann-verlag.com\/\/wp-content\/uploads\/2023\/03\/Heiko12-08-300x221.jpg\" alt=\"\" width=\"300\" height=\"221\" srcset=\"https:\/\/www.bittmann-verlag.com\/wp-content\/uploads\/2023\/03\/Heiko12-08-300x221.jpg 300w, https:\/\/www.bittmann-verlag.com\/wp-content\/uploads\/2023\/03\/Heiko12-08-324x239.jpg 324w, https:\/\/www.bittmann-verlag.com\/wp-content\/uploads\/2023\/03\/Heiko12-08.jpg 354w\" sizes=\"auto, (max-width: 300px) 100vw, 300px\" \/><\/p>\n<p class=\"has-text-align-center has-huge-font-size\"><img loading=\"lazy\" decoding=\"async\" class=\"aligncenter wp-image-501\" src=\"https:\/\/www.bittmann-verlag.com\/\/wp-content\/uploads\/2023\/03\/heikoushiro2-2.jpg\" alt=\"\" width=\"213\" height=\"300\" \/><\/p>\n<pre style=\"text-align: center;\"><strong>Heiko BITTMANN\r\n\u30d3\u30c3\u30c8\u30de\u30f3 \u30cf\u30a4\u30b3<\/strong><\/pre>\n<p class=\"has-normal-font-size\"><strong> Im Alter von 16 Jahren beginnt er 1981 in\u00a0Ludwigsburg mit\u00a0Karated\u014d. 1987-1993:<\/strong><strong>\u00a0Studium der Japanologie und Sportwissenschaft an den Universit\u00e4ten T\u00fcbingen und Kanazawa, Japan. Seit\u00a0seinem\u00a0ersten Japan-Aufenthalt (1990) betreibt er auch Iaid\u014d und J\u014dd\u014d.\u00a0<\/strong><strong>1993-1998: Stipendiat an der Universit\u00e4t Kanazawa. 1999: Abschluss der Promotion zur Lehre im Karated\u014d. Im Zusammenhang mit der Ver\u00f6ffentlichung seiner Dissertation gr\u00fcndet er im selben Jahr den \u201eVerlag Heiko Bittmann\u201c. Seit 2001 Assistenz-Professor und seit 2009 Professor an der Universit\u00e4t Kanazawa; u.a. Seminare \u00fcber Bud\u014d. Forschungsschwerpunkte: Japanische Kultur und Sport, insbesondere Kampfk\u00fcnste; Autor mehrerer Aufs\u00e4tze und Monographien zu den japanischen Kampfk\u00fcnsten. Iaid\u014d: <em>Ky\u014dshi<\/em> 7. Dan (<em>Zen Nihon Kend\u014d Renmei<\/em>); J\u014dd\u014d: <em>Ky\u014dshi<\/em> 7. Dan (<em>Zen Nihon Kend\u014d Renmei<\/em>); Karated\u014d: 4. Dan.<\/strong><\/p>\n<p><strong>\u3000\u5b50\u4f9b\u306e\u9803\u304b\u3089\u65e5\u672c\u306b\u8208\u5473\u3092\u6301\u3061\u3001\uff11\uff16\u624d\u304b\u3089\u7a7a\u624b\u9053\u306e\u4fee\u884c\u3092\u59cb\u3081\u308b\u3002<\/strong><strong>\uff11\uff19\uff18\uff17\u5e74\uff1a\u30c6\u30e5\u30fc\u30d3\u30f3\u30b2\u30f3\u5927\u5b66\u5165\u5b66\uff08\u65e5\u672c\u5b66\u30fb\u30b9\u30dd\u30fc\u30c4\u79d1\u5b66\u5c02\u653b\uff09\u3002<\/strong><strong>\uff11\uff19\uff19\uff10\u5e74\uff1a\u521d\u6765\u65e5\u3001\uff11\uff10\u30f6\u6708\u91d1\u6ca2\u5927\u5b66\u3067\u5b66\u3076\u3002\u305d\u306e\u6642\u3001\u5c45\u5408\u9053\u53ca\u3073\u6756\u9053\u306e\u4fee\u884c\u3082\u958b\u59cb\u3059\u308b\u3002<\/strong><strong>\uff11\uff19\uff19\uff13\u5e74\uff1a\u30c6\u30e5\u30fc\u30d3\u30f3\u30b2\u30f3\u5927\u5b66\u5927\u5b66\u9662\u4fee\u58eb\u8ab2\u7a0b\u4fee\u4e86\u5f8c\u3001\u518d\u3073\u6765\u65e5\uff08\u30c9\u30a4\u30c4\u5b66\u8853\u4ea4\u6d41\u4f1aDAAD\u3001\u65e5\u672c\u653f\u5e9c\u306e\u6587\u90e8\u7701\u304b\u3089\u5968\u5b66\u91d1\u3092\u53d7\u3051\u308b\uff09\u3002\uff11\uff19\uff19\uff15<\/strong><strong>\u5e74\uff1a\u91d1\u6ca2\u5927\u5b66\u5927\u5b66\u9662\u535a\u58eb\u8ab2\u7a0b\u5165\u5b66\u3002<\/strong><strong>\uff11\uff19\uff19\uff19<\/strong><strong>\u5e74\uff1a\u91d1\u6ca2\u5927\u5b66\u5927\u5b66\u9662\u535a\u58eb\u8ab2\u7a0b\u6e80\u671f\u9000\u5b66\u3001\u30c6\u30e5\u30fc\u30d3\u30f3\u30b2\u30f3\u5927\u5b66\u54f2\u5b66\u535a\u58eb\u3002\u540c\u5e74\uff1a\u30cf\u30a4\u30b3\u30fb\u30d3\u30c3\u30c8\u30de\u30f3\u66f8\u623f\u8a2d\u7acb\u3002\u975e\u5e38\u52e4\u8b1b\u5e2b\u3068\u3057\u3066\u3001\u91d1\u6ca2\u5927\u5b66\u6559\u80b2\u5b66\u90e8\u300c\u6b66\u9053\u6307\u5c0e\u6cd5\u6f14\u7fd2\u300d\uff08\uff11\uff19\uff19\uff18\u5e74\uff09\u3001\u91d1\u6ca2\u5927\u5b66\u300c\u30c9\u30a4\u30c4\u8a9e\u300d\uff08\uff11\uff19\uff19\uff18\u5e74\u301c\uff09\u3001<\/strong><strong>\u91d1\u6ca2\u5927\u5b66\u77ed\u671f\u7559\u5b66\u30d7\u30ed\u30b0\u30e9\u30e0\u300c\u6b66\u9053\u300d\uff08\uff12\uff10\uff10\uff10\u5e74\uff09\u306e\u79d1\u76ee\u3092\u62c5\u5f53\u3059\u308b\u3002\uff12\uff10\uff10\uff11<\/strong><strong>\u5e74\uff1a\u91d1\u6ca2\u5927\u5b66\u7559\u5b66\u751f\u30bb\u30f3\u30bf\u30fc \u52a9\u6559\u6388\u3002\uff12\uff10\uff10\uff19<\/strong><strong>\u5e74\uff1a\u91d1\u6ca2\u5927\u5b66\u7559\u5b66\u751f\u30bb\u30f3\u30bf\u30fc \u6559\u6388\uff08\u73fe\u8077\uff1a\u91d1\u6ca2\u5927\u5b66\u56fd\u969b\u65e5\u672c\u7814\u7a76\u30bb\u30f3\u30bf\u30fc\u6559\u6388\uff09\u3001\u6b66\u9053\u3084\u65e5\u672c\u6587\u5316\u306a\u3069\u306e\u79d1\u76ee\u3092\u62c5\u5f53\u3059\u308b\u3002\u73fe\u5728\u3001\u7a7a\u624b\u9053\uff14\u6bb5\uff08\u5168\u65e5\u672c\u5b66\u751f\u7a7a\u624b\u9053\u9023\u76df\uff09\u3001\u5c45\u5408\u9053\u6559\u58eb\uff17\u6bb5\uff08\u5168\u65e5\u672c\u5263\u9053\u9023\u76df\uff09\u3001<\/strong><strong>\u795e\u9053\u5922\u60f3\u6d41\u6756\u8853\u300c\u5f8c\u76ee\u9332\u300d\u3001<\/strong><strong>\u6756\u9053\u6559\u58eb\uff17\u6bb5\uff08\u5168\u65e5\u672c\u5263\u9053\u9023\u76df<\/strong><strong>\uff09\u3002<\/strong><\/p>\n<p><strong>He has been living in Japan for nearly 30 years and is a professor at the University of Kanazawa. In the field of Japanese Studies he is researching martial arts, and as part of his work he gives seminars and courses about Japanese martial arts to both foreign and Japanese students. In 1999 he founded \u201cHeiko Bittmann Publishing (Verlag Heiko Bittmann)\u201d. Besides Karated\u014d (4. Dan), which he has been practicing for more than 40 years, he practices Iaid\u014d (<em>Ky\u014dshi<\/em> 7. Dan, <em>Zen Nihon Kend\u014d Renmei<\/em>) and J\u014dd\u014d (<em>Ky\u014dshi<\/em> 7. Dan, <em>Zen Nihon Kend\u014d<\/em><\/strong><\/p>\n<p><a href=\"https:\/\/www.researchgate.net\/profile\/Heiko-Bittmann\/research\"><strong>Forschung \/ \u7814\u7a76\u696d\u7e3e \/ Research<\/strong><\/a><strong>\u00a0<\/strong><\/p>\n<p><strong>BR Podcast \/ BAYERN 2 \/ RADIOWISSEN: <a href=\"https:\/\/www.br.de\/mediathek\/podcast\/radiowissen\/karate-geschichte-einer-kampfkunst\/32210\">Karate &#8211; Geschichte einer Kampfkunst<\/a><\/strong><\/p>\n<hr \/>\n<hr \/>\n<\/div>\n<\/div>\n<\/div>\n<\/div>\n<p><img loading=\"lazy\" decoding=\"async\" class=\"size-medium wp-image-706 aligncenter\" src=\"https:\/\/www.bittmann-verlag.com\/\/wp-content\/uploads\/2023\/03\/IMG_3374-209x300.jpeg\" alt=\"\" width=\"209\" height=\"300\" srcset=\"https:\/\/www.bittmann-verlag.com\/wp-content\/uploads\/2023\/03\/IMG_3374-209x300.jpeg 209w, https:\/\/www.bittmann-verlag.com\/wp-content\/uploads\/2023\/03\/IMG_3374-324x464.jpeg 324w, https:\/\/www.bittmann-verlag.com\/wp-content\/uploads\/2023\/03\/IMG_3374-416x596.jpeg 416w, https:\/\/www.bittmann-verlag.com\/wp-content\/uploads\/2023\/03\/IMG_3374-715x1024.jpeg 715w, https:\/\/www.bittmann-verlag.com\/wp-content\/uploads\/2023\/03\/IMG_3374-768x1101.jpeg 768w, https:\/\/www.bittmann-verlag.com\/wp-content\/uploads\/2023\/03\/IMG_3374-1072x1536.jpeg 1072w, https:\/\/www.bittmann-verlag.com\/wp-content\/uploads\/2023\/03\/IMG_3374-1429x2048.jpeg 1429w, https:\/\/www.bittmann-verlag.com\/wp-content\/uploads\/2023\/03\/IMG_3374.jpeg 1443w\" sizes=\"auto, (max-width: 209px) 100vw, 209px\" \/><\/p>\n<p><img loading=\"lazy\" decoding=\"async\" class=\"aligncenter wp-image-707\" src=\"https:\/\/www.bittmann-verlag.com\/\/wp-content\/uploads\/2023\/03\/P9051399-300x186.jpg\" alt=\"\" width=\"357\" height=\"221\" srcset=\"https:\/\/www.bittmann-verlag.com\/wp-content\/uploads\/2023\/03\/P9051399-300x186.jpg 300w, https:\/\/www.bittmann-verlag.com\/wp-content\/uploads\/2023\/03\/P9051399-scaled-324x201.jpg 324w, https:\/\/www.bittmann-verlag.com\/wp-content\/uploads\/2023\/03\/P9051399-scaled-416x258.jpg 416w, https:\/\/www.bittmann-verlag.com\/wp-content\/uploads\/2023\/03\/P9051399-1024x634.jpg 1024w, https:\/\/www.bittmann-verlag.com\/wp-content\/uploads\/2023\/03\/P9051399-768x475.jpg 768w, https:\/\/www.bittmann-verlag.com\/wp-content\/uploads\/2023\/03\/P9051399-1536x951.jpg 1536w, https:\/\/www.bittmann-verlag.com\/wp-content\/uploads\/2023\/03\/P9051399-2048x1268.jpg 2048w\" sizes=\"auto, (max-width: 357px) 100vw, 357px\" \/><\/p>\n<p><img loading=\"lazy\" decoding=\"async\" class=\"size-medium wp-image-708 aligncenter\" src=\"https:\/\/www.bittmann-verlag.com\/\/wp-content\/uploads\/2023\/03\/db_PICT04411-236x300.jpg\" alt=\"\" width=\"236\" height=\"300\" srcset=\"https:\/\/www.bittmann-verlag.com\/wp-content\/uploads\/2023\/03\/db_PICT04411-236x300.jpg 236w, https:\/\/www.bittmann-verlag.com\/wp-content\/uploads\/2023\/03\/db_PICT04411-324x412.jpg 324w, https:\/\/www.bittmann-verlag.com\/wp-content\/uploads\/2023\/03\/db_PICT04411-416x528.jpg 416w, https:\/\/www.bittmann-verlag.com\/wp-content\/uploads\/2023\/03\/db_PICT04411-806x1024.jpg 806w, https:\/\/www.bittmann-verlag.com\/wp-content\/uploads\/2023\/03\/db_PICT04411-768x976.jpg 768w, https:\/\/www.bittmann-verlag.com\/wp-content\/uploads\/2023\/03\/db_PICT04411.jpg 929w\" sizes=\"auto, (max-width: 236px) 100vw, 236px\" \/><\/p>\n<pre style=\"text-align: center;\"><strong>Martin J. MEYER\r\n\u30de\u30e4\u30fc \u30de\u30fc\u30c6\u30a3\u30f3<\/strong><\/pre>\n<p><strong>Dr. phil. (Universit\u00e4t Bayreuth) 2012; Kampfsportwissenschaftler und Dozent an der Universit\u00e4t Vechta. Seine Forschungsprojekte besch\u00e4ftigen sich mit interdisziplin\u00e4ren, insbesondere p\u00e4dagogischen, soziologischen und motivationalen Aspekten der Kampfk\u00fcnste sowie Grundlagentheorie. Er ist Gr\u00fcndungsmitglied und ehemaliger Sprecher der dvs-Kommission \u201eKampfkunst und Kampfsport\u201c. 2017 erhielt er ein Stipendium der \u201cJapan Society for the Promotion of Science\u201d (JSPS) f\u00fcr eine Forschungskooperation mit der Universit\u00e4t Kanazawa. Weiterhin h\u00e4lt er weltweit Fachvortr\u00e4ge zum Thema Kampfkunst und Kampfsport.<\/strong><\/p>\n<p><strong>\uff12\uff10\uff11\uff12\u5e74\uff1a\u30d0\u30a4\u30ed\u30a4\u30c8\u5927\u5b66\u54f2\u5b66\u535a\u58eb\u3002\u30d5\u30a7\u30d2\u30bf\u5927\u5b66\u306e\u8b1b\u5e2b\u3002<span class=\"Y2IQFc\" lang=\"ja\">\u7814\u7a76\u306f\u3001<\/span><span class=\"Y2IQFc\" lang=\"ja\">\u6b66\u9053\u30fb\u683c\u95d8\u6280\u306e\u5b66\u969b\u7684\u30a2\u30d7\u30ed\u30fc\u30c1\u3002\u57fa\u790e\u7684\u306a\u7406\u8ad6\u306e\u307f\u306a\u3089\u305a\u3001\u7279\u306b\u6559\u80b2\u5b66\u7684\u3001\u793e\u4f1a\u5b66\u7684\u3001\u52d5\u6a5f\u4ed8\u3051\u306e\u89b3\u70b9\u304b\u3089\u306e\u7814\u7a76\u3092\u884c\u3046\u3002<\/span>\u30c9\u30a4\u30c4\u30fb\u30b9\u30dd\u30fc\u30c4\u79d1\u5b66\u5354\u4f1a\uff08dvs\uff09\u306e\u300c<span class=\"Y2IQFc\" lang=\"ja\">\u6b66\u8853\u3068\u30b3\u30f3\u30d0\u30c3\u30c8\u30b9\u30dd\u30fc\u30c4\uff08\u201eKampfkunst und Kampfsport\u201c\uff09<\/span>\u300d\u59d4\u54e1\u4f1a\u306e\u8a2d\u7acb\u8005\u306e\u4e00\u4eba\u3067\u3001\u59d4\u54e1\u4f1a\u306e\u5143\u30b9\u30dd\u30fc\u30af\u30b9\u30de\u30f3\u3067\u3042\u308b\u3002\uff12\uff10\uff11\uff17\u5e74\uff1a<span class=\"Y2IQFc\" lang=\"ja\">\u65e5\u672c\u5b66\u8853\u632f\u8208\u4f1a\u5968\u5b66\u91d1\u3092\u53d7\u3051\u3001\u91d1\u6ca2\u5927\u5b66\u3068\u306e\u5171\u540c\u7814\u7a76\uff08\u7a7a\u624b\u9053\u30fb\u67d4\u9053\u5bb6\u306b\u304a\u3051\u308b<\/span><span class=\"Y2IQFc\" lang=\"ja\">\u52d5\u6a5f\u8abf\u67fb\uff09\u3092\u5b9f\u65bd\u3002\u307e\u305f\u3001\u5f7c\u306f\u4e16\u754c\u4e2d\u306e\u6b66\u8853\u3068\u30b3\u30f3\u30d0\u30c3\u30c8\u30b9\u30dd\u30fc\u30c4\uff08\u683c\u95d8\u6280\uff09\u306b\u95a2\u3059\u308b\u8b1b\u6f14\u3092\u591a\u6570\u884c\u3063\u3066\u3044\u308b\u3002<\/span><\/strong><\/p>\n<p><strong>Dr. Martin J. Meyer is a martial arts researcher and senior lecturer at the University of Vechta, Germany.\u00a0<\/strong><strong>His research projects deal with interdisciplinary, especially pedagogical, sociological and motivational aspects of martial arts. He is a founding member of the \u2018Commission for Martial Arts &amp; Combat Sports\u2019 academic network for which he served from 2014-2016 as speaker.\u00a0Also, he is a founding member and editor of the \u2018Journal of Martial Arts Research\u2019. In 2017, he got a scholarship from the Japan Society for the Promotion of Science to research with Professor Heiko Bittmann in Kanazawa, Japan. His dissertation initiated the academic project &#8218;Why Martial Arts&#8216;, whose substudies focus on the participation motives of martial artists.<\/strong><\/p>\n<p><a href=\"https:\/\/www.researchgate.net\/profile\/Martin-Meyer\"><strong>Forschung \/ \u7814\u7a76\u696d\u7e3e \/ Research<\/strong><\/a><strong>\u00a0<\/strong><\/p>","protected":false},"excerpt":{"rendered":"<p>\u8457\u8005\u7d39\u4ecb Heiko BITTMANN \u30d3\u30c3\u30c8\u30de\u30f3 \u30cf\u30a4\u30b3 Im Alter von 16 Jahren beginnt er 1981 in\u00a0Ludwigsburg mit\u00a0Karated\u014d. 1987-1993:\u00a0Studium der Japanologie und Sportwissenschaft an den Universit\u00e4ten T\u00fcbingen und Kanazawa, Japan. Seit\u00a0seinem\u00a0ersten Japan-Aufenthalt (1990) betreibt er auch Iaid\u014d und J\u014dd\u014d.\u00a01993-1998: Stipendiat an der Universit\u00e4t Kanazawa. 1999: Abschluss der Promotion zur Lehre im Karated\u014d. Im Zusammenhang mit der Ver\u00f6ffentlichung seiner [&hellip;]<\/p>\n","protected":false},"author":1,"featured_media":0,"parent":0,"menu_order":2,"comment_status":"closed","ping_status":"closed","template":"","meta":{"footnotes":""},"class_list":["post-641","page","type-page","status-publish","hentry"],"jetpack_sharing_enabled":true,"_links":{"self":[{"href":"https:\/\/www.bittmann-verlag.com\/en\/wp-json\/wp\/v2\/pages\/641","targetHints":{"allow":["GET"]}}],"collection":[{"href":"https:\/\/www.bittmann-verlag.com\/en\/wp-json\/wp\/v2\/pages"}],"about":[{"href":"https:\/\/www.bittmann-verlag.com\/en\/wp-json\/wp\/v2\/types\/page"}],"author":[{"embeddable":true,"href":"https:\/\/www.bittmann-verlag.com\/en\/wp-json\/wp\/v2\/users\/1"}],"replies":[{"embeddable":true,"href":"https:\/\/www.bittmann-verlag.com\/en\/wp-json\/wp\/v2\/comments?post=641"}],"version-history":[{"count":37,"href":"https:\/\/www.bittmann-verlag.com\/en\/wp-json\/wp\/v2\/pages\/641\/revisions"}],"predecessor-version":[{"id":1119,"href":"https:\/\/www.bittmann-verlag.com\/en\/wp-json\/wp\/v2\/pages\/641\/revisions\/1119"}],"wp:attachment":[{"href":"https:\/\/www.bittmann-verlag.com\/en\/wp-json\/wp\/v2\/media?parent=641"}],"curies":[{"name":"wp","href":"https:\/\/api.w.org\/{rel}","templated":true}]}}