{"id":103,"date":"2023-03-11T16:34:11","date_gmt":"2023-03-11T15:34:11","guid":{"rendered":"https:\/\/www.bittmann-verlag.com\/HP2023\/?post_type=product&#038;p=103"},"modified":"2023-04-04T07:01:31","modified_gmt":"2023-04-04T05:01:31","slug":"erwin-von-baelz-und-die-koerperlichen-uebungen-leibeserziehung-und-traditionelle-kampfkuenste-im-japan-der-meiji-zeit","status":"publish","type":"product","link":"https:\/\/www.bittmann-verlag.com\/en\/product\/erwin-von-baelz-und-die-koerperlichen-uebungen-leibeserziehung-und-traditionelle-kampfkuenste-im-japan-der-meiji-zeit\/","title":{"rendered":"Erwin von Baelz und die k\u00f6rperlichen \u00dcbungen \/ \u30a8\u30eb\u30f4\u30a3\u30f3\u30fb\u30d5\u30a9\u30f3\u30fb\u30d9\u30eb\u30c4\u3068\u8eab\u4f53\u4fee\u7df4"},"content":{"rendered":"<h4><strong>Heiko Bittmann: Erwin von\u00a0Baelz und die k\u00f6rperlichen \u00dcbungen.\u00a0Leibeserziehung und traditionelle Kampfk\u00fcnste<\/strong>\u00a0<strong>im Japan der Meiji-Zeit<\/strong><\/h4>\n<h5><strong><big>\u30d3\u30c3\u30c8\u30de\u30f3\u00a0 \u30cf\u30a4\u30b3<\/big><big>\u8457\uff1a\u30a8\u30eb\u30f4\u30a3\u30f3\u30fb\u30d5\u30a9\u30f3\u30fb\u30d9\u30eb\u30c4\u3068\u8eab\u4f53\u4fee\u7df4\u3000\u660e\u6cbb\u6642\u4ee3\u306b\u304a\u3051\u308b\u4f53\u80b2\u3068\u4f1d\u7d71\u7684\u6b66\u8853<\/big><\/strong><\/h5>\n<p><strong>30. July 2010 \/ ISBN: 978-3980731645 \/ 174 Pages \/ DIN A5 \/ Paperback \/ 33 Illustrations and photos \/ Languages: German and Japanese<\/strong><\/p>\n<p><strong>Einer der eindrucksvollsten und einflu\u00dfreichsten Deutschen, die w\u00e4hrend der Meiji-Zeit (1868-1912) in Japan weilten, ist wohl der Arzt Erwin von Baelz. Bis heute findet er sich in der Literatur oft als &#8218;Vater der modernen westlichen Medizin in Japan&#8216; bezeichnet.<\/strong><br \/>\n<strong>\u00a0 \u00a0 \u00a0Sein\u00a0Bet\u00e4tigungsfeld blieb aber nicht nur auf den medizinischen Bereich beschr\u00e4nkt, sondern er machte\u00a0 sich auch als Anthropologe, Ethnologe, fr\u00fcher Japanologe oder Kunstsammler einen Namen.\u00a0<\/strong><strong>Seine Forschungen zu hei\u00dfen Quellen und das Gedenken an ihn f\u00fchrten im Jahre 1962 zur St\u00e4dtepartnerschaft zwischen seinem Geburtsort Bietigheim und dem in den japanischen Alpen gelegenen Kurort Kusatsu (Pr\u00e4fektur Gunma). Dar\u00fcber hinaus wird Baelz auch mit der Leibeserziehung bzw. dem Sport sowie den traditionellen Kampfk\u00fcnsten Japans in Zusammenhang gebracht, auch wenn sein Wirken diesbez\u00fcglich heute weniger bekannt ist.\u00a0In diesem Buch soll es um seinen Einflu\u00df hierauf gehen.<\/strong><\/p>\n<p><span style=\"color: #000000;\"><strong>Book about Erwin von Baelz and his influence on Japanese martial arts in German and Japanese.<\/strong><\/span><\/p>\n<pre><b>\u5185\u5bb9\u6982\u7565<\/b><\/pre>\n<p><strong>\u660e\u6cbb\u671f\u306b\u65e5\u672c\u306b\u6ede\u5728\u3057\u305f\u30c9\u30a4\u30c4\u4eba\u306e\u4e2d\u3067\u3001\u3082\u3063\u3068\u3082\u5370\u8c61\u7684\u304b\u3064\u65e5 \u672c\u306b\u5f71\u97ff\u3092\u4e0e\u3048\u305f\u4e00\u4eba\u306b\u30a8\u30eb\u30f4\u30a3\u30f3\u30fb\u30d5\u30a9\u30f3\u30fb\u30d9\u30eb\u30c4\u304c\u3042\u3052\u3089\u308c\u3088\u3046\u3002\u4eca\u65e5\u306b\u81f3\u308b\u307e\u3067\u591a\u304f\u306e\u66f8\u7269\u304c\u5f7c\u3092\u300c\u65e5\u672c\u8fd1\u4ee3\u533b\u5b66\u306e\u7236\u300d\u3068\u79f0\u3057\u3066\u304d\u305f \u3002\u3057\u304b\u3057\u5f7c\u306e\u6d3b\u52d5\u9818\u57df\u306f\u533b\u5b66\u3060\u3051\u306b\u6b62\u307e\u3089\u305a\u3001\u4eba\u985e\u5b66\u8005\u3001\u6c11\u4fd7\u5b66\u8005\u3001\u65e5\u672c\u5b66\u8005\u3042\u308b\u3044\u306f\u7f8e\u8853\u54c1\u53ce\u96c6\u5bb6\u3068\u3057\u3066\u3082\u540d\u3092\u4e0a\u3052\u305f\u3002\u30d9\u30eb\u30c4\u306e\u6e29\u6cc9\u306b\u95a2\u3059\u308b\u7814\u7a76\u3068\u5f7c\u306e\u9855\u5f70 \u306f\u30011962\u5e74\u306b\u306f\u5357\u30c9\u30a4\u30c4\u306e\u751f\u5730\u30d3\u30fc\u30c6\u30a3\u30d2\u30cf\u30a4\u30e0\u3068\u7fa4\u99ac\u770c\u8349\u6d25\u6e29\u6cc9\u3092\u59c9\u59b9\u90fd\u5e02\u306b\u7d50\u3073\u3064\u3051\u305f \u3002\u3055\u3089\u306b\u30d9\u30eb\u30c4\u306f\u65e5\u672c\u306e\u4f53\u80b2\u30fb\u30b9\u30dd\u30fc\u30c4\u3001\u307e\u305f\u7279\u306b\u65e5\u672c\u306e\u4f1d\u7d71\u7684\u6b66\u8853\u306b\u95a2\u9023\u3059\u308b\u6d3b\u52d5\u306b\u3082\u5f93\u4e8b\u3057\u305f\u306e\u3060\u304c\u3001\u4eca\u65e5\u3053\u308c\u306b\u3064\u3044\u3066\u306f\u6bd4\u8f03\u7684\u77e5\u3089\u308c\u3066\u3044\u306a\u3044\u3002\uff08\u65e5\u672c\u8a9e\u30fb\u30c9\u30a4\u30c4\u8a9e\uff09<\/strong><\/p>\n<p><strong>\u30fb\u5927\u4fee\u9928\u66f8\u5e97\u306e\u300e\u4f53\u80b2\u79d1\u6559\u80b2\u300f2011\/06\u53f7\u306b\u8f09\u305b\u3089\u308c\u3066\u3044\u308b\u300c\u30d9\u30eb\u30c4\u300d\u306a\u3069\u306b\u3064\u3044\u3066\u306e\u8a18\u4e8b\uff08<a href=\"https:\/\/www.bittmann-verlag.com\/wp-content\/uploads\/2023\/03\/TKK2011-6.p.1.pdf\">78\u9801<\/a> \/ <a href=\"https:\/\/www.bittmann-verlag.com\/wp-content\/uploads\/2023\/03\/TKK2011-6.p.2.pdf\">79\u9801<\/a>\uff09\u3067\u3059\u3002\u3088\u304b\u3063\u305f\u3089\u3054\u89a7\u4e0b\u3055\u3044\u3002<\/strong><\/p>\n<pre><strong>Reviews:<\/strong><\/pre>\n<p><strong>&#8211; Auszug aus: Bittmann: Erwin von Baelz und die japanischen Kampfk\u00fcnste<br \/>\n<\/strong><strong>Fazit: Die Arbeit von Bittmann ist ein einzigartiger und vor allem wertvoller Beitrag, der nicht nur das Leben und Wirken von Erwin von Baelz, seinen Einfluss auf die japanischen Kampfk\u00fcnste sondern auch die Situation der japanischen Kampfk\u00fcnste am Ende des 19. Jahrhunderts beschreibt.<br \/>\n<em>(Ver\u00f6ffentlicht am 6. Februar 2011 von HOPLOblog.)\u00a0<\/em><\/strong><em><strong>Die gesamte Rezension finden Sie hier: <a href=\"http:\/\/hoploblog.wordpress.com\/2011\/02\/06\/erwin-von-baelz-und-die-japanischen-kampfkunste\/\">HOPLOblog<\/a><\/strong><\/em><\/p>\n<p><strong>&#8211; Auszug aus: Hervorragender Beitrag zur japanologischen Forschung<br \/>\n<\/strong><strong>Der Autor geht in seinem Buch nun vor allem auf die Rolle der Leibeserziehung und der japanischen Kampfk\u00fcnste f\u00fcr von Baelz ein und auf dessen Beitrag zur Popularisierung der Kampfk\u00fcnste in Japan in der 2. H\u00e4lfte des 19. Jahrhunderts. Die Inhaltliche Aufarbeitung des Themas durch den Autor ist vorbildlich, wie auch dessen Schreibstil dazu f\u00fchrt, dass das hier rezensierte Buch sehr gut zu Lesen ist, was bei vergleichbaren Publikationen keineswegs eine Selbstverst\u00e4ndlichkeit ist.<br \/>\n<\/strong><strong>\u00a0 \u00a0 \u00a0Festzuhalten ist, das dieses Buch eine wertvolle Bereicherung vor allem f\u00fcr diejenigen ist, die Interesse an den historischen Wurzeln der japanischen Kampfk\u00fcnste haben, wie es auch durchaus wertvolle Einblicke in die Meiji-Zeit geben kann und somit auch dem generell an der japanischen Geschichte interessierten Leser Gewinn bringen kann.<br \/>\n<em>(<\/em><\/strong><em><strong>Amazon Rezension von\u00a0D. Stadelmann, 24. M\u00e4rz 2011)<\/strong><\/em><\/p>\n<p><strong>&#8211; Hervorragender Beitrag zur Erforschung des modernen Budo<br \/>\n<\/strong><strong>Heiko Bittmann stellt in seinem Buch die Rolle des deutschen Arztes Erwin von Baelz in der Transitionsphase der japanischen Gesellschaft vom Feudalstaat zum modernen Staat dar. Anhand von zahlreichen, bisher kaum bekannten Originalquellen erl\u00e4utert er sehr detailreich und kompetent den nicht unwesentlichen Beitrag, den Baelz bei der Wiederbelebung der japanischen Kampfk\u00fcnste im Sinne einer sportlichen Erziehung spielte. Zu Beginn der Meiji-Zeit wurden einerseits die alten Kampfk\u00fcnste als anachronistisch, ja barbarisch betrachtet, andereseits aber erhebliche k\u00f6rperliche Defizite bei der Studentenschaft festgestellt. Sicherlich angeregt durch seine Forschungen entwickelten Pioniere, wie Kano Jigoro, zeitgem\u00e4\u00dfe Versionen der Kampfk\u00fcnste f\u00fcr die Moderne. Bisher wurde dieses interessante Thema in der Budo-Fachliteratur nur an sehr wenigen Stellen, so z.B. bei Rick Clark, behandelt. Dieses Buch hat meine Erwartungen uneingeschr\u00e4nkt erf\u00fcllt und ist jedem, der sich mit der historischen Entwicklung des heutigen Budo besch\u00e4ftigt, w\u00e4rmstens zu empfehlen. Es sollte in keiner gut sortierten Budo-Bibliothek fehlen. Der Service vom Verlag Heiko Bittmann war sehr freundlich, schnell und kompetent.<br \/>\n<\/strong><em><strong>(Amazon Rezension von\u00a0Iwao, 8. M\u00e4rz 2013)<\/strong><\/em><\/p>\n<p><strong>&#8211; Mit diesem Buch\u00a0<\/strong><strong>&#8230;<br \/>\n<\/strong><strong>hat der Herr Bittmann etwas Gro\u00dfartiges geleistet. Nicht nur, dass er auch die japanischen (und englischen) Quellen ausgewertet hat, er schrieb dieses Buch bilingual. Das ist nicht gerade allt\u00e4glich.<\/strong><br \/>\n<strong>\u00a0 \u00a0 \u00a0Erwin Baelz ist keine Person der \u00f6ffentlichen Bewusstseins mehr, was bedauerlich ist, denn sein Wirken als Arzt und fr\u00fchen Anh\u00e4nger japanischer Kampfk\u00fcnste war bemerkenswert. Hier\u00fcber gibt es fast keine Literatur.<\/strong><br \/>\n<strong>\u00a0 \u00a0 \u00a0Umso erstaunlicher ist die Arbeit von Herrn Bittmann, der sich die M\u00fche unterzog, die verstreuten Quellen aufzust\u00f6bern und sie uns zug\u00e4nglich zu machen.<br \/>\n<\/strong><em><strong>(Amazon Rezension von El viejo lobo, 20. September 2016)<\/strong><\/em><\/p>\n<p><strong>&#8211; Meiner pers\u00f6nlichen Meinung <\/strong><strong>&#8230;<br \/>\n<\/strong><strong>nach eine ganz tolle Recherche und unterhaltsam zu lesen. Inhaltlich ein gro\u00dfartiges Hintergrundwissen f\u00fcr jeden historisch interessierten \u00dcbungsleiter und Praktiker des Karate Do! &#8230;<br \/>\n<\/strong><em><strong>(von Matthias Beschnidt, FB, 02. November 2018) <\/strong><\/em><\/p>\n<p><strong>&#8211; Hervorragendes Werk, sehr empfehlenswert, wie alles aus dem Verlag Heiko Bittmann<br \/>\n<\/strong><strong>Es handelt sich um ein hochwertiges Werk mit wertvollen und sehr interessanten Informationen zum Thema BUDO und Erwin von Baelz, einem Pionier des BUDO in Japan. Ich kann das Buch nur mit bestem Wissen und Gewissen empfehlen, es ist ein Bereicherung der besonderen Art f\u00fcr jeden, der sich ernsthaft mit der Thematik auseinandersetzt. &#8230;<br \/>\n<\/strong><em><strong>(Ebay Rezension von weina1726, 24. April 2019)<\/strong><\/em><\/p>\n<p><strong>&#8211; Interessanter Einblick<br \/>\n<\/strong><strong>Inhaltlich wurde von meinen Vor-Rezensenten bereits alles gesagt. Das Buch gew\u00e4hrt einen interessanten Einblick in den historischen Kontext und das Leben einer Pers\u00f6nlichkeit, die die Entwicklung der japanischen Kampfk\u00fcnste der Meiji Zeit mit-gepr\u00e4gt hat und ist hervorragend recherchiert. Empfehlenswert f\u00fcr jeden Interessierten an Japanischer Geschichte oder Kampfk\u00fcnstler mit entsprechendem Interesse.<br \/>\n<\/strong><em><strong>(Amazon Rezension von Florian Wie\u00dfmann, 27. Juli 2019)<\/strong><\/em><\/p>\n<p><strong>&#8211; Eine wirklich lehrreiche und faszinierende Lekt\u00fcre<br \/>\n<\/strong><strong>Dr. Erwin B\u00e4lz war eine wirklich faszinierende Pers\u00f6nlichkeit, die ein spannendes Leben f\u00fchrte und dabei einen beachtlichen Einfluss auf das Japan der Meiji-\u00c4ra aus\u00fcbte. Wer sich mit der Geschichte Japans, der Deutsch-Japanischen Beziehungen oder der japanischen Kampfk\u00fcnste besch\u00e4ftigt, kommt nicht daran vorbei, sich auch mit Erwin B\u00e4lz zu besch\u00e4ftigen. Dieser weltoffene, neugierige und hochgebildete Mann war eine wirklich faszinierende Person.<\/strong><br \/>\n<strong>\u00a0 \u00a0 \u00a0Ich hatte bereits seine Tageb\u00fccher &#8211; 1930 von seinem Sohn Toku B\u00e4lz in gek\u00fcrzter Fassung ver\u00f6ffentlicht &#8211; mit gro\u00dfem Interesse gelesen, doch dieses Werk von Heiko Bittmann bietet eine F\u00fclle zus\u00e4tzlicher Informationen und Erkenntnisse.<br \/>\n<\/strong><strong>\u00a0 \u00a0 \u00a0Akribisch recherchiert, wissenschaftlich aufbereitet und in einem sehr angenehmen Schreibstil pr\u00e4sentiert Heiko Bittmann hier das Leben und Wirken des deutschen Arztes in Japan sowie das Thema der k\u00f6rperlichen Ert\u00fcchtigung im Japan der Meiji-\u00c4ra.<br \/>\n<\/strong><strong>\u00a0 \u00a0 \u00a0Herr Bittmann ist aus meiner Sicht einer der f\u00fchrenden Autoren in der deutschen Sprache was die Thematik japanischer Kamptk\u00fcnste anbelangt. Seine sorgf\u00e4ltige, wissenschaftliche Arbeit sowie seine beachtliche Karriere in Japan sind einfach einzigartig. Ich freue mich bereits sehr auf weitere Werke von ihm und hoffe, dass noch viele folgen werden.<br \/>\n<\/strong><em><strong>(Amazon Rezension von \u67d4\u8853\u7814\u7a76\u54e1, 20. M\u00e4rz 2020)<\/strong><\/em><\/p>","protected":false},"excerpt":{"rendered":"<p>Heiko Bittmann: Erwin von\u00a0Baelz und die k\u00f6rperlichen \u00dcbungen.\u00a0Leibeserziehung und traditionelle Kampfk\u00fcnste\u00a0im Japan der Meiji-Zeit \u30d3\u30c3\u30c8\u30de\u30f3\u00a0 \u30cf\u30a4\u30b3\u8457\uff1a\u30a8\u30eb\u30f4\u30a3\u30f3\u30fb\u30d5\u30a9\u30f3\u30fb\u30d9\u30eb\u30c4\u3068\u8eab\u4f53\u4fee\u7df4\u3000\u660e\u6cbb\u6642\u4ee3\u306b\u304a\u3051\u308b\u4f53\u80b2\u3068\u4f1d\u7d71\u7684\u6b66\u8853 30. Juli 2010 \/ ISBN: 978-3980731645 \/ 174 Seiten \/ DIN A5 \/ Paperback \/ 33 Abbildungen und Fotos \/ Sprache: Deutsch und Japanisch Einer der eindrucksvollsten und einflu\u00dfreichsten Deutschen, die w\u00e4hrend der Meiji-Zeit (1868-1912) in Japan weilten, ist [&hellip;]<\/p>\n","protected":false},"featured_media":105,"comment_status":"open","ping_status":"closed","template":"","meta":[],"product_brand":[],"product_cat":[15],"product_tag":[],"class_list":{"0":"post-103","1":"product","2":"type-product","3":"status-publish","4":"has-post-thumbnail","6":"product_cat-buch","8":"first","9":"instock","10":"shipping-taxable","11":"purchasable","12":"product-type-simple"},"jetpack_sharing_enabled":true,"_links":{"self":[{"href":"https:\/\/www.bittmann-verlag.com\/en\/wp-json\/wp\/v2\/product\/103","targetHints":{"allow":["GET"]}}],"collection":[{"href":"https:\/\/www.bittmann-verlag.com\/en\/wp-json\/wp\/v2\/product"}],"about":[{"href":"https:\/\/www.bittmann-verlag.com\/en\/wp-json\/wp\/v2\/types\/product"}],"replies":[{"embeddable":true,"href":"https:\/\/www.bittmann-verlag.com\/en\/wp-json\/wp\/v2\/comments?post=103"}],"wp:featuredmedia":[{"embeddable":true,"href":"https:\/\/www.bittmann-verlag.com\/en\/wp-json\/wp\/v2\/media\/105"}],"wp:attachment":[{"href":"https:\/\/www.bittmann-verlag.com\/en\/wp-json\/wp\/v2\/media?parent=103"}],"wp:term":[{"taxonomy":"product_brand","embeddable":true,"href":"https:\/\/www.bittmann-verlag.com\/en\/wp-json\/wp\/v2\/product_brand?post=103"},{"taxonomy":"product_cat","embeddable":true,"href":"https:\/\/www.bittmann-verlag.com\/en\/wp-json\/wp\/v2\/product_cat?post=103"},{"taxonomy":"product_tag","embeddable":true,"href":"https:\/\/www.bittmann-verlag.com\/en\/wp-json\/wp\/v2\/product_tag?post=103"}],"curies":[{"name":"wp","href":"https:\/\/api.w.org\/{rel}","templated":true}]}}