{"id":109,"date":"2023-03-11T17:33:48","date_gmt":"2023-03-11T16:33:48","guid":{"rendered":"https:\/\/www.bittmann-verlag.com\/HP2023\/?post_type=product&#038;p=109"},"modified":"2023-04-13T07:50:41","modified_gmt":"2023-04-13T05:50:41","slug":"shotokan-ueberlieferte-texte-historische-untersuchungen-band-ii","status":"publish","type":"product","link":"https:\/\/www.bittmann-verlag.com\/en\/product\/shotokan-ueberlieferte-texte-historische-untersuchungen-band-ii\/","title":{"rendered":"Sh\u014dt\u014dkan \u2013 \u00fcberlieferte Texte &#038; historische Untersuchungen. Band II"},"content":{"rendered":"<h4><strong>Henning Wittwer: Sh\u014dt\u014dkan \u2013 \u00fcberlieferte Texte &amp; historische Untersuchungen. Band II \u2013 mit einem Beitrag von\u00a0Heiko Bittmann<\/strong><\/h4>\n<p><strong>2012 \/ 301 Pages \/ DIN A5 \/ Hardcover \/ 93 Illustrations \/ Henning Wittwer \/ Language: German<\/strong><\/p>\n<p><strong>Band II enth\u00e4lt f\u00fcnf weitere, direkt aus dem Japanischen \u00fcbersetzte Texte okinawanischer und japanischer Karate-Adepten. Zahlreiche Informationen \u00fcber das Leben, die Technik und Lehre von Asato Ank\u014d und Itosu Ank\u014d umfassen Asatos zehn Lehrgedichte sowie die 1915 ver\u00f6ffentlichten \u201eHeldengeschichten von Itosu\u201d am Anfang des Buchs. Ihnen folgen zwei inhaltsreiche und interessante Aufs\u00e4tze von Funakoshi Gichin aus den Jahren 1934 und 1935. Schlie\u00dflich werden noch drei von Egami Shigerus Erinnerungen an seinen Lehrer, Funakoshi Gichin, vorgestellt.<br \/>\n<\/strong><strong>\u00a0 \u00a0 \u00a0Da diese Abhandlungen von den Pionieren des Karate verfa\u00dft wurden, liefern sie zuverl\u00e4ssige und oftmals einmalige Einblicke in die Welt des fr\u00fchen Karate allgemein und besonders auch in die der Sh\u014dt\u014dkan-Str\u00f6mung. Sie helfen z. B. dabei, Karate als Teil einer kampfk\u00fcnstlerischen Kultur Ry\u016bky\u016bs zu begreifen. F\u00fcr ein gutes Verst\u00e4ndnis sind die \u00dcbersetzungen wie gehabt umfangreich mit Fu\u00dfnoten und Anmerkungen versehen.<br \/>\n<\/strong><strong>\u00a0 \u00a0 \u00a0Der zweite Teil des Buches besch\u00e4ftigt sich mit wichtigen historischen Themen. Zun\u00e4chst wird die Frage behandelt, welchen Einflu\u00df Bodhidharma und Shaolin auf das Karate hatten, wie ihn die Karate-Pioniere Funakoshi Gichin, Miyagi Ch\u014djun und Mabuni Kenwa beschrieben und woher ihr diesbez\u00fcgliches Wissen stammte. Danach wird der Kampfstock (<i>B\u014d<\/i> bzw. <i>Kon<\/i>) innerhalb der kriegerischen Tradition Ry\u016bky\u016bs und der Sh\u014dt\u014dkan-Str\u00f6mung vom Blickwinkel der Geschichte und Lehre aus betrachtet.<br \/>\n<\/strong><strong>\u00a0 \u00a0 \u00a0\u00dcberdies wird auf weitere Fragen zu den Kata eingegangen sowie die Geschichte der Sh\u014dt\u014dkan-Formen <i>Gankaku<\/i> (<i>Chint\u014d<\/i>), <i>Hangetsu<\/i> (<i>Seishan<\/i>) und <i>Sakugawa no Kon<\/i> untersucht. Weiterhin verfolgt Band II u. a. die historische Entwicklung des <i>Kumite<\/i> im Karate, insbesondere im Karate der Funakoshi-Linie, und geht auf seine Inhalte ein.<br \/>\n<\/strong><strong>\u00a0 \u00a0 \u00a0Den Abschlu\u00df bildet ein von Heiko Bittmann erarbeiteter Beitrag \u00fcber Leben und Werk von Shimizu Toshiyuki, einen fr\u00fchen Funakoshi-Sch\u00fcler.<br \/>\n<\/strong><em><strong>(Beschreibung verfasst von Henning Wittwer)<\/strong><\/em><\/p>\n<pre><b>\u5185\u5bb9\u6982\u7565<\/b><\/pre>\n<p><strong>\u3000\u3053\u306e\u300e\u677e\u6fe4\u9928\u30fb\u5dfb\u4e4b\u4e8c\u300f\u306f\u7cf8\u6d32\u5b89\u6052\u3001\u5b89\u91cc\u5b89\u6052\u3001\u5bcc\u540d\u8170\uff08\u8239\u8d8a\uff09\u7fa9\u73cd\u3084\u6c5f\u4e0a\u8302\u306a\u3069\u306e\u53e4\u3044\u6587\u732e\u3092\u7d39\u4ecb\u3057\u3001\u30c9\u30a4\u30c4\u8a9e\u7ffb\u8a33\u3092\u542b\u3093\u3067\u3044\u307e\u3059\u3002\u3053\u306e\u30d1\u30fc\u30c8\uff11\u306b\u7d39\u4ecb\u3055\u308c\u3066\u3044\u308b\u7a7a\u624b\u9053\u666e\u53ca\u521d\u671f\u6bb5\u968e\u306e\u66f8\u7269\u3092\u901a\u3058\u3066\u3001\u5f53\u6642\u306e\u7a7a\u624b\u754c\u306e\u72b6\u6cc1\u304c\u3088\u304f\u4f1d\u308f\u3063\u3066\u304d\u307e\u3059\u3002<\/strong><br \/>\n<strong>\u3000\u7814\u7a76\u7de8\u3067\u306f\u3001\u5bcc\u540d\u8170\u7fa9\u73cd\u3001\u5bae\u57ce\u9577\u9806\u3001\u6469\u6587\u4ec1\u8ce2\u548c\u3089\u306b\u3088\u3063\u3066\u66f8\u304b\u308c\u305f\u7a7a\u624b\u9053\u8ad6\u306b\u898b\u3089\u308c\u308b\u5c11\u6797\u5bfa\u3084\u9054\u78e8\u306e\u5f71\u97ff\u306b\u3064\u3044\u3066\u8abf\u3079\u3001\u5206\u6790\u3057\u3066\u3044\u307e\u3059\u3002\u3055\u3089\u306b\u7409\u7403\u3068\u677e\u6fe4\u9928\uff08\u6d41\uff09\u306b\u304a\u3051\u308b\u300c\u68d2\u300d\u307e\u305f\u306f\u300c\u68cd\u300d\u306e\u6b74\u53f2\u3084\u6559\u3048\u3092\u53d6\u308a\u4e0a\u3052\u3066\u3044\u307e\u3059\u3002<\/strong><br \/>\n<strong>\u3000\u307e\u305f\u677e\u6fe4\u9928\uff08\u6d41\uff09\u306e\u578b\u3084\u7d44\u624b\u306b\u3064\u3044\u3066\u3082\u8003\u5bdf\u3092\u52a0\u3048\u3001\u6700\u5f8c\u306e\u7ae0\u3067\u306f\u3001\u5bcc\u540d\u8170\u7fa9\u73cd\u5148\u751f\u306e\u521d\u671f\u306e\u5f1f\u5b50\u3067\u3042\u308b\u6e05\u6c34\u654f\u4e4b\u5148\u751f\u306e\u751f\u6daf\u3092\u7d39\u4ecb\u3057\u3066\u3044\u307e\u3059\u3002\u3053\u306e\u6700\u5f8c\u306e\u300c\u6e05\u6c34\u654f\u4e4b\u5148\u751f\u306e\u751f\u6daf\u300d\u306f\u30d3\u30c3\u30c8\u30de\u30f3 \u30cf\u30a4\u30b3\u306e\u57f7\u7b46\u306b\u3088\u308b\u3082\u306e\u3067\u3059\u3002<\/strong><\/p>\n<pre><strong>Summary:<\/strong><\/pre>\n<p><strong>This book is volume II of serious research into the history of Karated\u014d. It contains translations of texts written by Okinawan and Japanese Karate adepts. For example: Asato Ank\u014d, Itosu Ank\u014d, Funakoshi Gichin and Egami Shigeru.<br \/>\n<\/strong><strong>\u00a0 \u00a0 A second part of the book deals with the influences of Bodhidharma and Shaolin as described by the pioniers Funakoshi Gichin, Miyagi Ch\u014djun and Mabuni Kenwa as well as discussing their opinions.<br \/>\n<\/strong><strong>\u00a0 \u00a0 Further, it includes a chapter about <i>B\u014d<\/i>\u00a0or <i>Kon<\/i> in the Ry\u016bky\u016b tradition and in Sh\u014dt\u014dkan. Next is a study about Sh\u014dt\u014dkan-katas, such as <i>Gankaku<\/i> (<i>Chint\u014d<\/i>), <i>Hangetsu<\/i> (<i>Seishan<\/i>) and <i>Sakugawa no Kon<\/i>. Another chapter considers the historical development of <i>Kumite<\/i> in the Karate of Funakoshi.<br \/>\n<\/strong><strong>\u00a0 \u00a0 Finally we find a biography of Shimizu Toshiyuki, an early and highest ranked desciple of\u00a0 Funakoshi, written by Heiko Bittmann.<\/strong><\/p>\n<pre><strong>Author<\/strong><\/pre>\n<p><strong>Henning Wittwer nahm 1992 das Karate-Training in der Sh\u014dt\u014dkan-Str\u00f6mung auf. Seit 2005 ver\u00f6ffentlicht er seine \u00dcbersetzungen alter japanischer Quellen und seine Untersuchungen zum Thema Karate in englisch- und deutschsprachigen Fachjournalen. Zudem leitet er Lehrg\u00e4nge und h\u00e4lt Vortr\u00e4ge. Wittwer ist Autor mehrerer Fachb\u00fccher zum Karated\u014d, vor allem im Hinblick auf die Sh\u014dt\u014dkan-Str\u00f6mung.<\/strong><\/p>","protected":false},"excerpt":{"rendered":"<p>Henning Wittwer: Sh\u014dt\u014dkan \u2013 \u00fcberlieferte Texte &amp; historische Untersuchungen. Band II \u2013 mit einem Beitrag von\u00a0Heiko Bittmann 2012 \/ 301 Seiten \/ DIN A5 \/ Hardcover \/ 93 Abbildungen \/ Henning Wittwer \/ Sprache: Deutsch Band II enth\u00e4lt f\u00fcnf weitere, direkt aus dem Japanischen \u00fcbersetzte Texte okinawanischer und japanischer Karate-Adepten. Zahlreiche Informationen \u00fcber das Leben, [&hellip;]<\/p>\n","protected":false},"featured_media":984,"comment_status":"open","ping_status":"closed","template":"","meta":[],"product_brand":[],"product_cat":[15],"product_tag":[],"class_list":{"0":"post-109","1":"product","2":"type-product","3":"status-publish","4":"has-post-thumbnail","6":"product_cat-buch","8":"first","9":"instock","10":"shipping-taxable","11":"purchasable","12":"product-type-simple"},"jetpack_sharing_enabled":true,"_links":{"self":[{"href":"https:\/\/www.bittmann-verlag.com\/en\/wp-json\/wp\/v2\/product\/109","targetHints":{"allow":["GET"]}}],"collection":[{"href":"https:\/\/www.bittmann-verlag.com\/en\/wp-json\/wp\/v2\/product"}],"about":[{"href":"https:\/\/www.bittmann-verlag.com\/en\/wp-json\/wp\/v2\/types\/product"}],"replies":[{"embeddable":true,"href":"https:\/\/www.bittmann-verlag.com\/en\/wp-json\/wp\/v2\/comments?post=109"}],"wp:featuredmedia":[{"embeddable":true,"href":"https:\/\/www.bittmann-verlag.com\/en\/wp-json\/wp\/v2\/media\/984"}],"wp:attachment":[{"href":"https:\/\/www.bittmann-verlag.com\/en\/wp-json\/wp\/v2\/media?parent=109"}],"wp:term":[{"taxonomy":"product_brand","embeddable":true,"href":"https:\/\/www.bittmann-verlag.com\/en\/wp-json\/wp\/v2\/product_brand?post=109"},{"taxonomy":"product_cat","embeddable":true,"href":"https:\/\/www.bittmann-verlag.com\/en\/wp-json\/wp\/v2\/product_cat?post=109"},{"taxonomy":"product_tag","embeddable":true,"href":"https:\/\/www.bittmann-verlag.com\/en\/wp-json\/wp\/v2\/product_tag?post=109"}],"curies":[{"name":"wp","href":"https:\/\/api.w.org\/{rel}","templated":true}]}}