{"id":1113,"date":"2024-04-19T04:42:27","date_gmt":"2024-04-19T02:42:27","guid":{"rendered":"https:\/\/www.bittmann-verlag.com\/?post_type=product&#038;p=1113"},"modified":"2025-01-08T04:02:54","modified_gmt":"2025-01-08T03:02:54","slug":"kampfkunst-kampfsport-und-gesellschaft-interdisziplinaere-zugaenge-band-ii","status":"publish","type":"product","link":"https:\/\/www.bittmann-verlag.com\/en\/product\/kampfkunst-kampfsport-und-gesellschaft-interdisziplinaere-zugaenge-band-ii\/","title":{"rendered":"Kampfkunst, Kampfsport und Gesellschaft: Interdisziplin\u00e4re Zug\u00e4nge. Band II"},"content":{"rendered":"<h4><strong><span class=\"author notFaded\" data-width=\"\">Martin J. Meyer <span class=\"contribution\"><span class=\"a-color-secondary\">(Editor, Author) <\/span><\/span><\/span><span class=\"author notFaded\" data-width=\"\">Heiko Bittmann <span class=\"contribution\"><span class=\"a-color-secondary\">(Editor, Author)<\/span><\/span><\/span><span class=\"author notFaded\" data-width=\"\"><span class=\"contribution\"><span class=\"a-color-secondary\">, <\/span><\/span><\/span><span class=\"author notFaded\" data-width=\"\">Henning Wittwer <span class=\"contribution\"><span class=\"a-color-secondary\">(Autor)<\/span><\/span><\/span><span class=\"author notFaded\" data-width=\"\"><span class=\"contribution\"><span class=\"a-color-secondary\">, Andreas<\/span><\/span><\/span><span class=\"author notFaded\" data-width=\"\"> Niehaus <span class=\"contribution\"><span class=\"a-color-secondary\">(Author), <\/span><\/span><\/span><\/strong><strong><span class=\"author notFaded\" data-width=\"\"><span class=\"contribution\"><span class=\"a-color-secondary\">Rita N\u00e9meth<\/span><\/span><\/span><span class=\"author notFaded\" data-width=\"\">\u00a0<span class=\"contribution\"><span class=\"a-color-secondary\">(Autorin), T\u014dd\u014d Yoshiaki (Autor); Sigrid Happ (Autorin), Peter Kuhn &amp; Natalia Grybos (Autoren)<\/span><\/span><\/span><\/strong><strong><span class=\"author notFaded\" data-width=\"\"><span class=\"contribution\"><span class=\"a-color-secondary\">: Kampfkunst, Kampfsport und Gesellschaft: Interdisziplin\u00e4re Zug\u00e4nge. Band II<\/span><\/span><\/span><\/strong><\/h4>\n<p><strong><span class=\"author notFaded\" data-width=\"\"><span class=\"contribution\"><span class=\"a-color-secondary\">25. Oktober 2024 \/ <\/span><\/span><\/span>ISBN: 978-3980731676 \/ 263 Seiten \/ DIN A-5 \/ Paperback \/ 3 Abbildungen \/ Sprache: Deutsch<\/strong><\/p>\n<pre><strong>Authors:<\/strong><\/pre>\n<p><strong>Dr. Martin Meyer ist Kampfsportwissenschaftler und Dozent an der Universit\u00e4t Vechta. Er ist Gr\u00fcndungsmitglied und ehemaliger Sprecher der dvs-Kommission &#8222;Kampfkunst und Kampfsport\u201c. Seine Forschungsprojekte besch\u00e4ftigen sich mit interdisziplin\u00e4ren, insbesondere p\u00e4dagogischen, soziologischen und motivationalen Aspekten der Kampfk\u00fcnste sowie Grundlagentheorie. 2017 erhielt er ein Stipendium der &#8222;Japan Society for the Promotion of Science&#8220; (JSPS) f\u00fcr eine Forschungskooperation mit der Universit\u00e4t Kanazawa. Weiterhin h\u00e4lt er weltweit Fachvortr\u00e4ge zum Thema Kampfkunst und Kampfsport.<\/strong><\/p>\n<p><strong>Heiko Bittmann: 1987-1993: Studium der Japanologie und Sportwissenschaft an den Universit\u00e4ten T\u00fcbingen und Kanazawa, Japan. 1993-1998: Stipendiat an der Universit\u00e4t Kanazawa. 1999: Abschlu\u00df der Promotion zur Lehre im Karated\u014d. Seit 2001 Assistenz-Professor und seit 2009 Professor an der Universit\u00e4t Kanazawa; u.a. Seminare \u00fcber Bud\u014d. Forschungsschwerpunkte: Japanische Kultur und Sport, insbesondere Kampfk\u00fcnste; Autor mehrerer Aufs\u00e4tze und Monographien zu den japanischen Kampfk\u00fcnsten. Neben Iaid\u014d (<em>Ky\u014dshi<\/em> 7. Dan, <em>Zen Nihon Kend\u014d Renme<\/em>i) betreibt er J\u014dd\u014d (<em>Ky\u014dshi<\/em> 7. Dan, <em>Zen Nihon Kend\u014d Renmei<\/em>) und Karated\u014d (4. Dan).<\/strong><\/p>\n<p><strong>Henning Wittwer nahm 1992 das Karate-Training in der <em>Sh\u014dt\u014dkan<\/em>-Str\u00f6mung auf. Seit 2005 ver\u00f6ffentlicht er seine \u00dcbersetzungen alter japanischer Quellen und seine Untersuchungen zum Thema Karate in englisch- und deutschsprachigen Fachjournalen. Zudem leitet er Lehrg\u00e4nge und h\u00e4lt Vortr\u00e4ge. Wittwer ist Autor mehrerer Fachb\u00fccher zum Karated\u014d, vor allem im Hinblick auf die <em>Sh\u014dt\u014dkan<\/em>-Str\u00f6mung.<\/strong><\/p>\n<p><strong>Rita N\u00e9meth studierte Japanologie <\/strong><strong>und Kulturanthropologie<\/strong> <strong>an der K\u00e1roli Universit\u00e4t <\/strong><strong>in Budapest und Diplom-\u00dcbersetzen an der Universit\u00e4t Bonn. Nach mehreren Japanaufenthalten promovierte sie 2018 \u00fcber den Wandel des <\/strong><strong>japanischen <\/strong><strong>Bogenschie\u00dfens (Ky\u016bd\u014d), mit<\/strong> <strong>Fokus auf den Wertewandel im Kontext politischer und sozialer Umbr\u00fcche in Japan. Ihre Forschungsschwerpunkte sind der gesellschaftliche Wandel in Japan, die Kulturtransfer der japanischen Kampfk\u00fcnste und diesbez\u00fcgliche Aspekte der \u00dcbersetzungswissenschaft. Sie ist Autorin und \u00dcbersetzerin mehrerer interdisziplin\u00e4rer Aufs\u00e4tze zur japanischen Kultur und Gesellschaft. Seit 2014 ist sie als wissenschaftliche Mitarbeiterin zust\u00e4ndig f\u00fcr Literatur- und Informationsversorgung am Institut f\u00fcr Ostasienwissenschaften der Universit\u00e4t Duisburg-Essen.<\/strong><\/p>\n<p><strong>Andreas Niehaus studierte bis 1997 Japanologie an der Universit\u00e4t K\u00f6ln. Nach mehreren Japanaufenthalten (u. a. als Gastwissenschaftler an der Kei\u014d Universit\u00e4t in T\u014dky\u014d) und dem Abschluss seiner Promotion mit dem Titel \u201cLeben und Werk Kan\u014d Jigor\u014ds. Ein Forschungsbeitrag zur Leibeserziehung und zum Sport in Japan\u201d (erschienen 2003 im Ergon Verlag) arbeitete er zun\u00e4chst als wissenschaftlicher Assistent an der Universit\u00e4t K\u00f6ln. 2004 folgte Andreas Niehaus einem Ruf an die Universit\u00e4t Gent, wo er seitdem die Abteilung \u201cJapanische Sprache und Kultur\u201d leitet. Seine Forschungsschwerpunkte sind Sport in Japan, die japanischen Kampfk\u00fcnste, japanische K\u00f6rperkultur und die Geschichte der Olympischen Spiele. Andreas Niehaus besch\u00e4ftigt sich mit Karated\u014d, Aikid\u014d und Aiki J\u016bjutsu.<\/strong><\/p>\n<p><strong>Dr. T\u014dd\u014d Yoshiaki ist Prof. em. der Universit\u00e4t Tsukuba (Japan). Autor wissenschaftlicher Aufs\u00e4tze und mehrerer B\u00fccher zu den japanischen Kampfk\u00fcnsten, insbesondere dem J\u016bd\u014d.<\/strong><\/p>\n<p><strong>Prof. Dr. Peter Kuhn ist Professor (i.R.) f\u00fcr Sportwissenschaft der Universit\u00e4t Bayreuth, er hat die Kommission Kampfkunst und Kampfsport in der Deutschen Vereinigung f\u00fcr Sportwissenschaft gegr\u00fcndet und war Chefredakteur des JOMAR | Journal of Martial Arts Research. Seine Forschungsschwerpunkte sind Martial Arts Studies, Sustainable Sport Studies und Quality Physical Education Studies. Neben seiner beruflichen T\u00e4tigkeit trainiert er Kinder und Erwachsene im Karated\u014d, wo er den 4. Dan tr\u00e4gt, und im T\u00e0ij\u00edqu\u00e1n auf Basis eines Zertifikats der Tianjin Sport University.<\/strong><\/p>\n<p><strong>Natalia Grybos studierte Sozialwissenschaften des Sports mit Schwerpunkt Sportp\u00e4dagogik und verfolgt ihre Interessenschwerpunkte Friedensp\u00e4dagogik und Kampfsport sowohl wissenschaftlich als auch praktisch. Sie ist Teil des Expertenpools &#8222;Sport f\u00fcr Entwicklung&#8220; des Deutschen Olympischen Sportbundes (DOSB) und arbeitet als Beraterin im Globalvorhaben \u201eSport f\u00fcr Entwicklung\u201c bei der Gesellschaft f\u00fcr Internationale Zusammenarbeit (GIZ). Natalia Grybos praktiziert seit 20 Jahren Sh\u014dt\u014dkan-Karate, ist Tr\u00e4gerin des 2. Dan des DJKB und ehemalige Deutsche (2011) und Vize-Deutsche (2017) Meisterin in der Kategorie Kata Team.<\/strong><\/p>\n<p><strong>Weiterhin ist ein Beitrag von<\/strong><strong> Dr. Sigrid Happ enthalten.<\/strong><\/p>\n<p><strong>Sehen Sie zu den einzelnen Beitr\u00e4gen der Autoren bitte das Inhaltsverzeichnis.<\/strong><\/p>\n<pre><strong>Reviews:<\/strong><\/pre>\n<p><strong>&#8211; Absolute Kaufempfehlung!!!<\/strong><strong>: <\/strong><br \/>\n<strong>Es gibt mehrere Anthologien, die \u00fcber Kampfkunst ver\u00f6ffentlicht werden, die zumeist jedoch nur online verf\u00fcgbar sind. Anders als diese geht die Reihe \u201eKampfkunst, Kampfsport und Gesellschaft\u201c bereits ins zweite Jahr.<i><br \/>\n<\/i>\u00a0 \u00a0 \u00a0Es freut mich ganz besonders, dass man hier die M\u00f6glichkeit hat, verschiedene und breitgef\u00e4cherte Artikel zu lesen. F\u00fcr jeden Kampfkunst-Interessierten sollte eigentlich etwas dabei sein.<i><br \/>\n<\/i>\u00a0 \u00a0 \u00a0Ich freue mich auf die kommenden Jahre und habe endlich eine M\u00f6glichkeit gefunden, die trostlosen Novembertage mit sehr detaillierter Kampfkunst-Literatur zu \u00fcberbr\u00fccken.<i><br \/>\n<\/i>\u00a0 \u00a0 \u00a0Absolute Kaufempfehlung!<\/strong><br \/>\n<em><strong>(Amazon Rezension von Yannick Schultze, 22. November 2024)<\/strong><\/em><\/p>","protected":false},"excerpt":{"rendered":"<p>Martin J. Meyer (Herausgeber, Autor), Heiko Bittmann (Herausgeber, Autor), Henning Wittwer (Autor), Andreas Niehaus (Autor), Rita N\u00e9meth\u00a0(Autorin), T\u014dd\u014d Yoshiaki (Autor); Sigrid Happ (Autorin), Peter Kuhn &amp; Natalia Grybos (Autoren): Kampfkunst, Kampfsport und Gesellschaft: Interdisziplin\u00e4re Zug\u00e4nge. Band II 25. Oktober 2024 \/ ISBN: 978-3980731676 \/ 263 Seiten \/ DIN A-5 \/ Paperback \/ 3 Abbildungen \/ [&hellip;]<\/p>\n","protected":false},"featured_media":1166,"comment_status":"open","ping_status":"closed","template":"","meta":[],"product_brand":[],"product_cat":[15],"product_tag":[],"class_list":{"0":"post-1113","1":"product","2":"type-product","3":"status-publish","4":"has-post-thumbnail","6":"product_cat-buch","8":"first","9":"instock","10":"shipping-taxable","11":"purchasable","12":"product-type-simple"},"jetpack_sharing_enabled":true,"_links":{"self":[{"href":"https:\/\/www.bittmann-verlag.com\/en\/wp-json\/wp\/v2\/product\/1113","targetHints":{"allow":["GET"]}}],"collection":[{"href":"https:\/\/www.bittmann-verlag.com\/en\/wp-json\/wp\/v2\/product"}],"about":[{"href":"https:\/\/www.bittmann-verlag.com\/en\/wp-json\/wp\/v2\/types\/product"}],"replies":[{"embeddable":true,"href":"https:\/\/www.bittmann-verlag.com\/en\/wp-json\/wp\/v2\/comments?post=1113"}],"wp:featuredmedia":[{"embeddable":true,"href":"https:\/\/www.bittmann-verlag.com\/en\/wp-json\/wp\/v2\/media\/1166"}],"wp:attachment":[{"href":"https:\/\/www.bittmann-verlag.com\/en\/wp-json\/wp\/v2\/media?parent=1113"}],"wp:term":[{"taxonomy":"product_brand","embeddable":true,"href":"https:\/\/www.bittmann-verlag.com\/en\/wp-json\/wp\/v2\/product_brand?post=1113"},{"taxonomy":"product_cat","embeddable":true,"href":"https:\/\/www.bittmann-verlag.com\/en\/wp-json\/wp\/v2\/product_cat?post=1113"},{"taxonomy":"product_tag","embeddable":true,"href":"https:\/\/www.bittmann-verlag.com\/en\/wp-json\/wp\/v2\/product_tag?post=1113"}],"curies":[{"name":"wp","href":"https:\/\/api.w.org\/{rel}","templated":true}]}}