{"id":123,"date":"2023-03-13T20:48:08","date_gmt":"2023-03-13T19:48:08","guid":{"rendered":"https:\/\/www.bittmann-verlag.com\/HP2023\/?post_type=product&#038;p=123"},"modified":"2023-04-11T03:10:54","modified_gmt":"2023-04-11T01:10:54","slug":"schwert-und-samurai-traktate-zur-japanischen-schwertkunst","status":"publish","type":"product","link":"https:\/\/www.bittmann-verlag.com\/en\/product\/schwert-und-samurai-traktate-zur-japanischen-schwertkunst\/","title":{"rendered":"Schwert und Samurai. Traktate zur japanischen Schwertkunst"},"content":{"rendered":"<h4><strong>Heiko Bittmann und Andreas Niehaus: Schwert und Samurai. Traktate zur japanischen Schwertkunst<\/strong><\/h4>\n<p><strong>1. October 2006 \/ ISBN:\u00a0978-3980731638 \/ 184 Pages \/ DIN A5 \/ Paperback \/ 26 Illustrations \/ Language: German<\/strong><\/p>\n<p><strong>&#8222;Schwert und Samurai&#8220; ist eine Sammlung von historischen Texten aus dem 17. und 18. Jahrhundert zur japanischen Schwertkunst, die erstmals in deutscher Sprache vorliegen. Diesen Texten geht eine umfassende Einleitung zur Entwicklung des japanischen Schwertes und der mit ihm eng verbundenen Geschichte der Samurai voraus. <\/strong><br \/>\n<strong>\u00a0 \u00a0 \u00a0Aus dem Pinsel von Japans wohl ber\u00fchmtestem Schwertmeister, Miyamoto Musashi, stammen die &#8222;F\u00fcnfunddrei\u00dfig Paragraphen zu den Methoden des Gefechts&#8220; (<i>Heih\u014d sanj\u016bgokaj\u014d<\/i>). Sie enthalten nicht nur pr\u00e4gnante Regeln zu seiner Schwertkunst, sondern sind auch eine interessante Erg\u00e4nzung zum &#8222;Buch der F\u00fcnf Ringe&#8220; (<i>Gorin no sho<\/i>). <\/strong><br \/>\n<strong>\u00a0 \u00a0 \u00a0Aus der Tradition der \u2018Ein-Schwerter-Schule\u2019 (<i>Itt\u014dry\u016b<\/i>), die von bedeutendem Einflu\u00df auf die Entwicklung des heutigen Kend\u014d war, stammt das &#8222;Traktat zur Methode des Schwertes von Meister Itt\u014dsai&#8220; (<i>Itt\u014dsai Sensei kenp\u014dsho<\/i>) von Kot\u014dda Toshisada.\u00a0<\/strong><br \/>\n<strong>\u00a0 \u00a0 \u00a0Das &#8222;Keimblatt der Kunst&#8220; (<i>Geijutsu futaba no hajime<\/i>) von Kokenken Ryokusui wiederum versteht sich als eine schul-\u00fcbergreifende Anleitung f\u00fcr den Anf\u00e4nger auf dem Weg des Schwertes.<\/strong><br \/>\n<strong>&#8222;Schwert und Samurai&#8220; enth\u00e4lt weiterhin zahlreiche alte Abbildungen, Kalligraphien sowie verschiedene Schwertillustrationen, u.a. eine Darstellung wichtiger Begriffe und Bestandteile des Katana.<\/strong><\/p>\n<pre><strong>\u5185\u5bb9\u6982\u7565<\/strong><\/pre>\n<p><strong>\u65e5\u672c\u306e\u5200\u5263\u985e\u3084\u4f8d\u306e\u6b74\u53f2\u3092\u660e\u3089\u304b\u306b\u3059\u308b\u3068\u3068\u3082\u306b\u3001\u8457\u540d\u306a\u5263\u8853\u66f8\u306e\u7ffb\u8a33\u306b\u6311\u6226\u3057\u307e\u3057\u305f\u3002\u7ffb\u8a33\u3055\u308c\u305f\u5263\u8853\u66f8\u306f\u4ee5\u4e0b\u306e\u901a\u308a\u3067\u3059\u3002\u3044\u305a\u308c\u3082\u521d\u3081\u3066\u72ec\u8a9e\u8a33\u3055\u308c\u305f\u3082\u306e\u3067\u3059\u3002<\/strong><\/p>\n<p><strong>\u30fb\u5bae\u672c\u6b66\u8535\u8457\u300e\u5175\u6cd5\u4e09\u5341\u4e94\u7b87\u6761\u300f\uff081641\uff09<\/strong><br \/>\n<strong>\u30fb\u53e4\u85e4\u7530\u5f25\u5175\u885b\u4fca\u5b9a\u8457\u300e\u4e00\u5200\u658e\u5148\u751f\u5263\u6cd5\u66f8\u300f\uff081664\uff09<\/strong><br \/>\n<strong>\u30fb\u53e4\u8431\u8ed2\u7dd1\u6c34\u8457\u300e\u85dd\u8853\u4e8c\u8449\u59cb\u300f\uff081787\uff09<\/strong><\/p>\n<pre><strong>Description:<\/strong><\/pre>\n<p><strong>Besides an introduction to the history of the Japanese sword and the samurai, this book includes three texts about Japanese swordsmanship in German translation.<\/strong><br \/>\n<strong>&#8211; Miyamoto Musashi: &#8222;<i>Heih\u014d sanj\u016bgokaj\u014d<\/i>&#8220; (1641). Japan\u2019s most famous swordsman gives insights into his school.<\/strong><br \/>\n<strong>&#8211; Kot\u014dda Toshisada: &#8222;<i>Itt\u014dsai Sensei kenp\u014dsho<\/i>&#8220; (1664) out of the\u00a0<i>Itt\u014dry\u016b<\/i> tradition, one of the main influences on modern Kend\u00f4.<\/strong><br \/>\n<strong>&#8211; Kokenken Ryokusui: &#8222;<i>Geijutsu futaba no hajime<\/i>&#8220; (1787). This is a general introduction for beginners of Japanese swordsmanship.<\/strong><\/p>\n<pre><strong>Reviews:<\/strong><\/pre>\n<p><strong>&#8211; Vom Verst\u00e4ndnis der Schwertkunst<br \/>\n<\/strong><strong>Das Buch Schwert und Samurai \u2013 Traktate zur japanischen Schwertkunst, gibt einen guten Einblick in die technischen und philosophischen Grundlagen klassisch japanischer Schwertschulen und dar\u00fcber hinaus bietet es eine F\u00fclle an Zusatzinformationen die zum Weiterstudium anregen. F\u00fcr Aus\u00fcbende der Kampfkunst wird hier ein gutes Werk dargeboten, wenn man sich auch n\u00e4her mit der Materie besch\u00e4ftigen und nicht nur an der Oberfl\u00e4che kratzen m\u00f6chte. Insbesondere diejenigen, die sich dem Weg des Schwertes verschrieben haben, k\u00f6nnen viele interessante und nutzbringende Informationen aus diesem Buch herausziehen. Von mir gibt es daher f\u00fcr dieses Werk 10 von 10 Schwert-Sternen. Kaufempfehlung.<br \/>\n<em>(von Sorata, www.embjapan.de)<\/em><\/strong><\/p>\n<p><strong>&#8211; Umfangreiches Wissen kompakt pr\u00e4sentiert<br \/>\n<\/strong><strong>Die Autoren haben ein weites, fundiertes und durch Unmengen an Fu\u00dfnoten und Literaturhinweisen gut nachvollziehbares Wissen in eine kompakte und trotzdem leicht lesbare Form gebracht. Statt mehrere Hundert B\u00fccher zu lesen und das Wissen darin zu assimilieren, bietet sich dieses hier auf hervorragender Weise an, ohne dass auch die kleinste Information fehlen w\u00fcrde.<\/strong><br \/>\n<em><strong>(Amazon Rezension\u00a0von Amazon Customer, 3. M\u00e4rz 2014)<\/strong><\/em><\/p>\n<p><strong>&#8211; Absolut empfehlenswert<br \/>\n<\/strong><strong>Dieses Buch ist das dritte des Autors, das ich gelesen habe. Wie die bisherigen (\u00fcber Karatedo und Erwin von B\u00e4lz) so ist auch dieses Buch ein sehr wertvoller Quell an Informationen zum Thema japanische Kampfk\u00fcnste. Zusammen mit seinem Co-Autor Andreas Niehaus stellt Heiko Bittmann drei gro\u00dfe Werke der Schwertkunst (&#8222;F\u00fcnfunddrei\u00dfig Paragraphen zu den Methoden des Gefechts&#8220; von Miyamoto Musashi, &#8222;Traktat zur Methode des Schwertes von Meister Ittosai&#8220; von Kotoda Toshisada und &#8222;Keimblatt der Kunst&#8220; von Kokenken Ryokusui) in einer deutschen \u00dcbersetzung dar, die bisher in dieser Form nicht verf\u00fcgbar war. Durch seine Zweisprachigkeit &#8211; er lebt als Deutscher in Japan &#8211; schafft er es, einen kulturellen Bogen zu spannen und er\u00f6ffnet dem deutschen Leser Zugang zu japanischen Originaltexten. Jedes der drei Werke von gro\u00dfen Schwertmeistern ihrer Zeit ordnet er dabei in den historischen Kontext ein. In einem einf\u00fchrenden Teil stellt er die Entwicklung des japanischen Schwertes und die Zeit der Samurai sachlich und kompetent dar. Exemplarisch nenne hier ich die Entwicklung des heute manchmal \u00fcberaus verkl\u00e4rt wahrgenommenen Begriffs Bushido oder die schrittweise Ver\u00e4nderung der Kampfk\u00fcnste (v.a. der Schwertkunst) von der Schlachtfeldgepr\u00e4gten Kriegskunst \u00fcber einen spirizuellen Ansatz bis hin zur Versportlichung unserer Tage. Dieses Buch geh\u00f6rt in jede Budobibliothek. Hoffentlich gibt es bald mehr von diesem Autor.<br \/>\n<em>(<\/em><\/strong><em><strong>Amazon Rezension von Iwao, 3. Mai 2013) <\/strong><\/em><\/p>","protected":false},"excerpt":{"rendered":"<p>Heiko Bittmann und Andreas Niehaus: Schwert und Samurai. Traktate zur japanischen Schwertkunst 1. Oktober 2006 \/ ISBN:\u00a0978-3980731638 \/ 184 Seiten \/ DIN A5 \/ Paperback \/ 26 Abbildungen \/ Sprache: Deutsch &#8222;Schwert und Samurai&#8220; ist eine Sammlung von historischen Texten aus dem 17. und 18. Jahrhundert zur japanischen Schwertkunst, die erstmals in deutscher Sprache vorliegen. [&hellip;]<\/p>\n","protected":false},"featured_media":983,"comment_status":"open","ping_status":"closed","template":"","meta":[],"product_brand":[],"product_cat":[15],"product_tag":[],"class_list":{"0":"post-123","1":"product","2":"type-product","3":"status-publish","4":"has-post-thumbnail","6":"product_cat-buch","8":"first","9":"instock","10":"shipping-taxable","11":"purchasable","12":"product-type-simple"},"jetpack_sharing_enabled":true,"_links":{"self":[{"href":"https:\/\/www.bittmann-verlag.com\/en\/wp-json\/wp\/v2\/product\/123","targetHints":{"allow":["GET"]}}],"collection":[{"href":"https:\/\/www.bittmann-verlag.com\/en\/wp-json\/wp\/v2\/product"}],"about":[{"href":"https:\/\/www.bittmann-verlag.com\/en\/wp-json\/wp\/v2\/types\/product"}],"replies":[{"embeddable":true,"href":"https:\/\/www.bittmann-verlag.com\/en\/wp-json\/wp\/v2\/comments?post=123"}],"wp:featuredmedia":[{"embeddable":true,"href":"https:\/\/www.bittmann-verlag.com\/en\/wp-json\/wp\/v2\/media\/983"}],"wp:attachment":[{"href":"https:\/\/www.bittmann-verlag.com\/en\/wp-json\/wp\/v2\/media?parent=123"}],"wp:term":[{"taxonomy":"product_brand","embeddable":true,"href":"https:\/\/www.bittmann-verlag.com\/en\/wp-json\/wp\/v2\/product_brand?post=123"},{"taxonomy":"product_cat","embeddable":true,"href":"https:\/\/www.bittmann-verlag.com\/en\/wp-json\/wp\/v2\/product_cat?post=123"},{"taxonomy":"product_tag","embeddable":true,"href":"https:\/\/www.bittmann-verlag.com\/en\/wp-json\/wp\/v2\/product_tag?post=123"}],"curies":[{"name":"wp","href":"https:\/\/api.w.org\/{rel}","templated":true}]}}