{"id":34,"date":"2023-03-08T15:26:36","date_gmt":"2023-03-08T14:26:36","guid":{"rendered":"http:\/\/www.bittmann-verlag.com\/HP2023\/produkt\/hoodie-with-logo\/"},"modified":"2025-01-21T01:57:10","modified_gmt":"2025-01-21T00:57:10","slug":"kampfkunst-kampfsport-und-gesellschaft","status":"publish","type":"product","link":"https:\/\/www.bittmann-verlag.com\/en\/product\/kampfkunst-kampfsport-und-gesellschaft\/","title":{"rendered":"Kampfkunst, Kampfsport und Gesellschaft: Interdisziplin\u00e4re Zug\u00e4nge. Band I"},"content":{"rendered":"<h4><strong><span class=\"author notFaded\" data-width=\"\">Martin J. Meyer <span class=\"contribution\"><span class=\"a-color-secondary\">(Editor, Author) <\/span><\/span><\/span><span class=\"author notFaded\" data-width=\"\">Heiko Bittmann <span class=\"contribution\"><span class=\"a-color-secondary\">(Editor, Author)<\/span><\/span><\/span><span class=\"author notFaded\" data-width=\"\"><span class=\"contribution\"><span class=\"a-color-secondary\">, Uwe Mosebach (Author),\u00a0<\/span><\/span><\/span><span class=\"author notFaded\" data-width=\"\">Henning Wittwer <span class=\"contribution\"><span class=\"a-color-secondary\">(Author), <\/span><\/span><\/span><span class=\"author notFaded\" data-width=\"\">Markus Klein\u00a0<span class=\"contribution\"><span class=\"a-color-secondary\">(Author) and\u00a0<\/span><\/span><\/span><span class=\"author notFaded\" data-width=\"\">Martin Minarik <span class=\"contribution\"><span class=\"a-color-secondary\">(Author): Kampfkunst, Kampfsport und Gesellschaft: Interdisziplin\u00e4re Zug\u00e4nge. Band I<\/span><\/span><\/span><\/strong><\/h4>\n<p><strong><span class=\"author notFaded\" data-width=\"\"><span class=\"contribution\"><span class=\"a-color-secondary\">25. March 2023 \/\u00a0<\/span><\/span><\/span>ISBN:\u00a0978-3980731669 \/ 313 Pages \/ DIN A-5 \/ Paperback \/ 30 Illustrations \/\u00a0Language: German<\/strong><\/p>\n<p><strong>Mit diesem ersten Band der Reihe \u203aKampfkunst, Kampfsport und Gesellschaft \u2013 Interdisziplin\u00e4re Zug\u00e4nge\u2039 m\u00f6chten die Herausgeber eine Plattform f\u00fcr Beitr\u00e4ge bieten, die sich dem Ph\u00e4nomen auf unterschiedlichste Weise n\u00e4hern und multidisziplin\u00e4r behandeln. Der einf\u00fchrende Artikel von Martin Meyer (Universit\u00e4t Vechta) versucht, das Konstrukt von \u203aKampfkunst und Kampfsport\u2039 akademisch zu erfassen und ein empirisch gest\u00fctztes Definitionsmodell zu skizzieren. Dem folgt ein Beitrag des Japanologen Henning Wittwer, der ausgew\u00e4hlte Karate-Lyrik der Ry\u016bky\u016b-Inseln \u00fcbersetzt und vorstellt. Heiko Bittmann (Universit\u00e4t Kanazawa) macht mit seiner historischen Einordnung, \u00dcbersetzung und Erl\u00e4uterung der \u203aUnterweisungen des Schwertmeisters Tsukahara Bokuden\u2039 eine der fr\u00fchesten Lehrschriften zu den japanischen Kampfk\u00fcnsten \u00fcberhaupt auf Deutsch zug\u00e4nglich. Anschlie\u00dfend analysiert Martin Meyer die Sportunterrichtslehrpl\u00e4ne Japans und Deutschlands in Bezug auf die Kompetenzziele im schulisch vermittelten K\u00e4mpfen. Methodisch-didaktische Ans\u00e4tze zur Thematisierung von Standkampfsportarten im Sportunterricht stellt Markus Klein (Universit\u00e4t des Saarlandes) vor, mit dem Schwerpunkt auf der Entwicklung und Ein\u00fcbung von Forml\u00e4ufen. Diese greift auch Martin Minarik in seinem Beitrag auf und untersucht deren Eignung, in Kombination mit spielerischem Freikampf, f\u00fcr eine P\u00e4dagogik des sozialen Zusammenhalts. Im Folgebeitrag verbindet Martin Meyer das schulischen Ringen und Raufen mit den didaktischen Potentialen von medialen Superheldinnen und -helden. Uwe Mosebach (Universit\u00e4t Erfurt) diskutiert in seinem Artikel den Entwurf einer neuen Pr\u00fcfungsordnung im J\u016bd\u014d, indem er aktuelle und geplante Pr\u00fcfungstechniken und -schwierigkeiten vergleicht und in Beziehung setzt zu den Schriften von Kan\u014d Jigor\u014d. Im letzten Beitrag wirft Martin Meyer die Frage auf, ob die Faustk\u00e4mpfe im nordamerikanischen Eishockey per definitionem ein Kampfsport sind und welche Funktion sie f\u00fcr das Puckspiel beinhalten.<\/strong><\/p>\n<pre><strong>Authors:<\/strong><\/pre>\n<p><strong>Dr. Martin Meyer ist Kampfsportwissenschaftler und Dozent an der Universit\u00e4t Vechta. Er ist Gr\u00fcndungsmitglied und ehemaliger Sprecher der dvs-Kommission &#8222;Kampfkunst und Kampfsport\u201c. Seine Forschungsprojekte besch\u00e4ftigen sich mit interdisziplin\u00e4ren, insbesondere p\u00e4dagogischen, soziologischen und motivationalen Aspekten der Kampfk\u00fcnste sowie Grundlagentheorie. 2017 erhielt er ein Stipendium der &#8222;Japan Society for the Promotion of Science&#8220; (JSPS) f\u00fcr eine Forschungskooperation mit der Universit\u00e4t Kanazawa. Weiterhin h\u00e4lt er weltweit Fachvortr\u00e4ge zum Thema Kampfkunst und Kampfsport.<\/strong><\/p>\n<p><strong>Heiko Bittmann: 1987-1993: Studium der Japanologie und Sportwissenschaft an den Universit\u00e4ten T\u00fcbingen und Kanazawa, Japan. 1993-1998: Stipendiat an der Universit\u00e4t Kanazawa. 1999: Abschlu\u00df der Promotion zur Lehre im Karated\u014d. Seit 2001 Assistenz-Professor und seit 2009 Professor an der Universit\u00e4t Kanazawa; u.a. Seminare \u00fcber Bud\u014d. Forschungsschwerpunkte: Japanische Kultur und Sport, insbesondere Kampfk\u00fcnste; Autor mehrerer Aufs\u00e4tze und Monographien zu den japanischen Kampfk\u00fcnsten. Neben Iaid\u014d (<em>Ky\u014dshi<\/em> 7. Dan, <em>Zen Nihon Kend\u014d Renme<\/em>i) betreibt er J\u014dd\u014d (<em>Ky\u014dshi<\/em> 7. Dan, <em>Zen Nihon Kend\u014d Renmei<\/em>) und Karated\u014d (4. Dan).<\/strong><\/p>\n<p><strong>PD Dr. phil. habil. Uwe Mosebach lehrt am Institut f\u00fcr Sportwissenschaft der Universit\u00e4t Erfurt in den Bereichen J\u016bd\u014d, der Methodik und Didaktik sportlicher Spiele und im Bereich der Trainingslehre. Au\u00dferdem ist er Gastdozent im Fachgebiet Sportgeschichte an der Universit\u00e4t Jena. Uwe Mosebach tr\u00e4gt den 6. Dan im J\u016bd\u014d.<\/strong><\/p>\n<p><strong>Henning Wittwer nahm 1992 das Karate-Training in der <em>Sh\u014dt\u014dkan<\/em>-Str\u00f6mung auf. Seit 2005 ver\u00f6ffentlicht er seine \u00dcbersetzungen alter japanischer Quellen und seine Untersuchungen zum Thema Karate in englisch- und deutschsprachigen Fachjournalen. Zudem leitet er Lehrg\u00e4nge und h\u00e4lt Vortr\u00e4ge. Wittwer ist Autor mehrerer Fachb\u00fccher zum Karated\u014d, vor allem im Hinblick auf die <em>Sh\u014dt\u014dkan<\/em>-Str\u00f6mung.<\/strong><\/p>\n<p><strong>Markus Klein: Promotion zum Dr. Sportwiss. an der Johannes Gutenberg-Universit\u00e4t Mainz. Akademischer Mitarbeiter am Sportwissenschaftlichen Institut der Universit\u00e4t des Saarlandes. Lehre und Forschung in den Bereichen Sportsoziologie und Sportp\u00e4dagogik. U.a. auch Publikationen zum Thema Umsetzbarkeit von Distanzkampfk\u00fcnsten im Schulsport sowie Lehrreferent der Taekwondo-Union Saar. e. V. 5. Dan Taekwondo.<\/strong><\/p>\n<p><strong>Martin Minarik promovierte am Institut f\u00fcr Bewegungswissenschaft der Universit\u00e4t Hamburg am Arbeitsbereich Kultur, Medien und Gesellschaft. Seine Forschungsschwerpunkte sind Performativit\u00e4t und Theatralit\u00e4t, K\u00f6rper- und Bewegungssoziologie und Martial Arts als kulturelle Praktiken. Neben seiner wissenschaftlichen T\u00e4tigkeit befasst er sich auch praktisch mit Martial Arts und Performance. Er ist u.a. Tr\u00e4ger des 4. Dan im Kukki-Taekwondo<\/strong><strong>.<\/strong><\/p>\n<pre><strong>Reviews:<\/strong><\/pre>\n<p><strong>&#8211; Ein Muss f\u00fcr alle, die sich f\u00fcr die tiefere Bedeutung von Kampfkunst und Kampfsport interessieren<\/strong><strong>: <\/strong><br \/>\n<strong>Die wissenschaftliche Besch\u00e4ftigung mit dem Bereich der Kampfk\u00fcnste bzw. Kampfsportarten st\u00f6\u00dft erfreulicherweise auf wachsendes Interesse. Michael Calandra, Betreiber des beliebten Video-Podcasts Martial Truth und selbst Meister verschiedener Kampfk\u00fcnste, spricht sogar von einem goldenen Zeitalter der Kampfkunstforschung. Inzwischen ist eine wachsende Zahl von Forschungsarbeiten auf dem Markt. Auch im Bereich der Sammelb\u00e4nde tut sich einiges. F\u00fcr ihre Reihe \u201eKampfkunst, Kampfsport und Gesellschaft: Interdisziplin\u00e4re Zug\u00e4nge\u201c haben die Herausgeber Martin J. Meyer und Heiko Bittmann eine erlesene Zahl von Autoren gewonnen, die Experten auf ihrem jeweiligen Gebiet sind. Sie decken mit ihren Beitr\u00e4gen verschiedene Themenfelder aus dem Schwerpunktbereich der Anthologie ab und widmen sich historischen, p\u00e4dagogischen und politischen Ph\u00e4nomenen von Kampfkunst und Kampfsport.<i><br \/>\n<\/i>\u00a0 \u00a0 \u00a0Kampfkunst, Kampfsport und Gesellschaft: Interdisziplin\u00e4re Zug\u00e4nge \u2013 Band I ist im Jahr 2023 mit neun Beitr\u00e4gen erschienen. Autoren sind neben den Herausgebern Markus Klein, Martin Minarik, Uwe Mosebach und Henning Wittwer.<i><br \/>\n<\/i>\u00a0 \u00a0 Band II erschien 2024 mit zehn Beitr\u00e4gen. Neben einigen Autoren des ersten Bandes konnten die Herausgeber diesmal Rita Nemeth, Andeas Niehaus, Sigrid Happ sowie Natalia Gyros und Peter Kuhn gewinnen.<i><br \/>\n<\/i>\u00a0 \u00a0 Im Ergebnis sind beide B\u00e4nde herausragende Werke, die sich mit den vielschichtigen Beziehungen zwischen Kampfkunst, Kampfsport und Gesellschaft auseinandersetzen. Die Herausgeber haben eine beeindruckende Sammlung von Beitr\u00e4gen zusammengestellt, die sowohl wissenschaftliche als auch praktische Perspektiven beleuchten. Besonders gefallen hat mir die Verbindung von Tradition und Moderne, die zeigt, wie sich Kampfkunst und Kampfsport weiterentwickeln, ohne ihre kulturellen Wurzeln zu verlieren. Die beiden B\u00e4nde sind ein Muss f\u00fcr alle, die sich f\u00fcr die tiefere Bedeutung von Kampfkunst und Kampfsport interessieren. Ich freue mich schon auf den n\u00e4chsten Band und bin gespannt, welche weiteren Erkenntnisse und Perspektiven er bereith\u00e4lt!<i><br \/>\n<\/i>\u00a0 \u00a0 Am Ende fehlen in den B\u00e4nden nur noch kurze Profile der Autoren (die es auf der Verlagshomepage schon gibt). Dar\u00fcber hinaus wird sich die internationale Forschungsgemeinschaft sicherlich wehm\u00fctig fragen, warum diese hervorragende Bereicherung des wissenschaftlichen Diskurses nicht in englischer Sprache vorliegt.<br \/>\n<em>(Amazon Rezension von Thomas Feldmann, 20. Januar 2025)<\/em><\/strong><\/p>","protected":false},"excerpt":{"rendered":"<p>Martin J. Meyer (Herausgeber, Autor), Heiko Bittmann (Herausgeber, Autor), Uwe Mosebach (Autor),\u00a0Henning Wittwer (Autor), Markus Klein\u00a0(Autor) und\u00a0Martin Minarik (Autor): Kampfkunst, Kampfsport und Gesellschaft: Interdisziplin\u00e4re Zug\u00e4nge. Band I 25. M\u00e4rz 2023 \/\u00a0ISBN:\u00a0978-3980731669 \/ 313 Seiten \/ DIN A-5 \/ Paperback \/ 30 Abbildungen \/\u00a0Sprache: Deutsch Mit diesem ersten Band der Reihe \u203aKampfkunst, Kampfsport und Gesellschaft \u2013 [&hellip;]<\/p>\n","protected":false},"featured_media":35,"comment_status":"open","ping_status":"closed","template":"","meta":[],"product_brand":[],"product_cat":[15],"product_tag":[],"class_list":{"0":"post-34","1":"product","2":"type-product","3":"status-publish","4":"has-post-thumbnail","6":"product_cat-buch","8":"first","9":"instock","10":"shipping-taxable","11":"purchasable","12":"product-type-simple"},"jetpack_sharing_enabled":true,"_links":{"self":[{"href":"https:\/\/www.bittmann-verlag.com\/en\/wp-json\/wp\/v2\/product\/34","targetHints":{"allow":["GET"]}}],"collection":[{"href":"https:\/\/www.bittmann-verlag.com\/en\/wp-json\/wp\/v2\/product"}],"about":[{"href":"https:\/\/www.bittmann-verlag.com\/en\/wp-json\/wp\/v2\/types\/product"}],"replies":[{"embeddable":true,"href":"https:\/\/www.bittmann-verlag.com\/en\/wp-json\/wp\/v2\/comments?post=34"}],"wp:featuredmedia":[{"embeddable":true,"href":"https:\/\/www.bittmann-verlag.com\/en\/wp-json\/wp\/v2\/media\/35"}],"wp:attachment":[{"href":"https:\/\/www.bittmann-verlag.com\/en\/wp-json\/wp\/v2\/media?parent=34"}],"wp:term":[{"taxonomy":"product_brand","embeddable":true,"href":"https:\/\/www.bittmann-verlag.com\/en\/wp-json\/wp\/v2\/product_brand?post=34"},{"taxonomy":"product_cat","embeddable":true,"href":"https:\/\/www.bittmann-verlag.com\/en\/wp-json\/wp\/v2\/product_cat?post=34"},{"taxonomy":"product_tag","embeddable":true,"href":"https:\/\/www.bittmann-verlag.com\/en\/wp-json\/wp\/v2\/product_tag?post=34"}],"curies":[{"name":"wp","href":"https:\/\/api.w.org\/{rel}","templated":true}]}}