{"id":524,"date":"2023-03-20T15:46:59","date_gmt":"2023-03-20T14:46:59","guid":{"rendered":"https:\/\/www.bittmann-verlag.com\/HP2023\/?post_type=product&#038;p=524"},"modified":"2025-09-11T04:07:23","modified_gmt":"2025-09-11T02:07:23","slug":"karatedo-kyohan","status":"publish","type":"product","link":"https:\/\/www.bittmann-verlag.com\/en\/product\/karatedo-kyohan\/","title":{"rendered":"Funakoshi Gichin: Karated\u014d Ky\u014dhan. Lehrmuster des Weges der leeren Hand"},"content":{"rendered":"<h4><strong>Funakoshi Gichin: Karated\u014d Ky<\/strong><strong>\u014d<\/strong><strong>han. Lehrmuster des Weges der leeren Hand<\/strong><\/h4>\n<p><strong>Edited, introduced and annotated by Heiko Bittmann and Peter Kuhn<\/strong><\/p>\n<p><strong>21. December 2021 \/ ISBN:<span class=\"a-text-bold\">\u200e <\/span>978-3948378158 \/ 382 Pages \/ Hardcover \/ Verlag Werner Kristkeitz \/ Language: German<\/strong><\/p>\n<p><strong>Funakoshis \u00abLehrmuster des Weges der leeren Hand\u00bb aus dem Jahr 1935 ist ein Klassiker der Kampfkunstliteratur. Der Autor vermittelt darin seine Vorstellungen von Karated\u014d und beschreibt anschaulich grundlegende Techniken sowie Kata und Kumite. Zahlreiche Fotos zeigen dabei Funakoshi selbst. Dar\u00fcber hinaus befasst er sich eingehend mit Themen wie W\u00fcrfe, Vitalpunkte, Verteidigung gegen Waffen oder auch Selbstverteidigung f\u00fcr Frauen. Ausf\u00fchrungen zur Philosophie der Kampfkunst runden das umfangreiche Werk ab. Als eine der wichtigsten fr\u00fchen Publikationen zum Karated\u014d \u00fcberhaupt stellt diese auch im Hinblick auf die Verbreitung der Kampfkunst \u2013 in Japan und international \u2013 einen bedeutenden Beitrag dar. Die von den Herausgebern vorgelegte erste direkte \u00dcbersetzung des japanischen Originals ins Deutsche mit einer F\u00fclle weiterf\u00fchrender Anmerkungen ist eine Bereicherung f\u00fcr alle, die ihr Wissen \u00fcber Karated\u014d vertiefen m\u00f6chten.<\/strong><\/p>\n<p><span style=\"color: #000000;\"><strong>\u662d\u548c\uff11\uff10\u5e74\u306e\u5bcc\u540d\u8170\u7fa9\u73cd\u306e\u540d\u8457\u300e\u7a7a\u624b\u9053\u6559\u7bc4\u300f\u306e\u30c9\u30a4\u30c4\u8a9e\u8a33\u3067\u3059\u3002<\/strong><\/span><\/p>\n<p><span style=\"color: #000000;\"><strong>German translation of Funakoshi Gichins famous \u201eKarated\u014d Ky\u014dhan\u201c.<\/strong><\/span><\/p>\n<pre><strong>Reviews:<\/strong><\/pre>\n<p><strong>&#8211; Ai-Generierte Zusammenfassung von Amazon Kundenrezensionen (20.08.2025):\u00a0<\/strong><br \/>\n<strong>Die Kunden sind mit den Originalfotos und der Papierqualit\u00e4t des Buches sehr zufrieden. Sie beschreiben die Bearbeitung der Fotos als vorbildlich und sagen, dass Funakoshi selbst zeigt. Das Papier wird als klasse beschrieben. Die \u00dcbersetzung \u00fcbertrifft die verschiedenen englischen Versionen. Es gibt Anmerkungen zu den \u00dcbersetzungen, insbesondere bei Mehrdeutigkeiten.\u00a0<\/strong><\/p>\n<p><strong>&#8211; Erste deutsche \u00dcbersetzung des Klassikers<br \/>\n<\/strong><strong>Rechtzeitig zu Weihnachten 2021 ist die erste deutsche \u00dcbersetzung von Funakoshi Gichins drittem Buch, Karated\u014d Ky\u014dhan (\u7a7a\u624b\u9053\u6559\u7bc4, 1935), erschienen. \u201eLehrmuster des Weges der leeren Hand\u201c wurde von Werner Kristkeitz in Heidelberg verlegt, ein Verlag, der sich einen Namen damit gemacht hat, Literatur zu Zen, Buddhismus und asiatische Kampfkunst zu publizieren.<i><br \/>\n<\/i>\u00a0 \u00a0 \u00a0Fast zwei Jahre lang war ein Projektteam unter der wissenschaftlichen Leitung der Hochschulprofessoren Heiko Bittmann und Peter Kuhn, Sportwissenschaftler und ausgewiesene Experten auf dem Gebiet, damit befasst, das Buch zu \u00fcbersetzen und in zahllosen Kommentaren und Fu\u00dfnoten auf \u00fcber 30 Seiten in den entsprechenden historischen und sportwissenschaftlichen Kontext zu r\u00fccken.<i><br \/>\n<\/i>\u00a0 \u00a0 \u00a0Funakoshi Gichin (\u8239\u8d8a\u7fa9\u73cd, 1868-1957) gilt f\u00fcr viele als \u201eVater des modernen Karate\u201c, wenn auch der Ursprung dieser Begriffssch\u00f6pfung bis dato nicht eindeutig zur\u00fcckverfolgt werden kann. Sein literarisches Schaffen (neben insgesamt f\u00fcnf B\u00fcchern hat er auch eine Vielzahl von weiteren Publikationen ver\u00f6ffentlicht) sowie sein unerm\u00fcdliches Wirken waren entscheidend daf\u00fcr, die Popularit\u00e4t des Karate in Japan enorm zu steigern und f\u00fcr dessen Verbreitung zu sorgen.<i><br \/>\n<\/i>\u00a0 \u00a0 \u00a0Karated\u014d Ky\u014dhan gilt als repr\u00e4sentatives Werk Funakoshis aus dieser Zeit und ist zugleich \u201eeine der wichtigsten fr\u00fchen Publikationen zum Karated\u014d\u201c \u00fcberhaupt, wie die beiden Herausgeber in ihrer Einf\u00fchrung feststellen. Das Buch wurde erstmalig im Jahr 1973 von \u014cshima Tsutomu (\u5927\u5cf6\u52bc, geboren 1930) auf Grundlage der japanischen Neuauflage von 1958 ins Englische \u00fcbersetzt. Die englische \u00dcbersetzung der Erstauflage von 1935 wurde von Harumi Suzuki-Johnston 2005 erstellt.<i><br \/>\n<\/i>\u00a0 \u00a0 \u00a0Aber warum jetzt eine deutsche \u00dcbersetzung direkt vom japanischen Original? Bittmann und Kuhn beantworten dies unter anderem damit, dass Funakoshis bedeutendes Buch bislang nicht auf Deutsch vorlag. Weitere der von ihnen angef\u00fchrten Argumente f\u00fcr ihre vorliegende Arbeit sind ebenfalls stichhaltig. Tats\u00e4chlich gibt es viel zu wenig gute wissenschaftliche fundierte Arbeiten auf Deutsch. Wenngleich seit vielen Jahren im angloamerikanischen Sprachraum eine Vielzahl von progressiven Werken vorliegen, die mit Mythen und fehlerhaften Interpretationen aufr\u00e4umen, sind im deutschsprachigen Raum nur vereinzelte Wegbereiter auszumachen (hervorzuheben beispielsweise die Arbeiten von Heiko Bittmann und Henning Wittwer). Vielfach wird bei der Besch\u00e4ftigung mit dem Karate leider zu oft auf Arbeiten aus den 1990er Jahren verwiesen. Diese weisen aber zumeist historische Ungenauigkeiten sowie eine Unkenntnis der japanischen Sprache auf und sind nicht zuletzt dadurch auf verschiedensten Ebenen fehlerhaft und irref\u00fchrend.<i><br \/>\n<\/i>\u00a0 \u00a0 \u00a0Auf diesen Umstand hatte bereits der Japanologe Andreas Niehaus treffenderweise in seiner Besprechung zu Bittmanns Publikation \u201eKarated\u014d. Der Weg der leeren Hand. Meister der vier gro\u00dfen Schulrichtungen und ihre Lehre\u201c (1999) im Jahr 2000 hingewiesen. Er konstatierte seinerzeit, dass vor allem fundierte japanologische Arbeiten gefragt sind.<i><br \/>\n<\/i>\u00a0 \u00a0 \u00a0Dazu geh\u00f6rt jetzt unzweifelhaft das vorliegende Werk. Es setzt Ma\u00dfst\u00e4be in der \u00dcbersetzung von zeitgen\u00f6ssischer Kampfkunstliteratur und sorgt entscheidend daf\u00fcr, Karate-Praktizierenden sowie Interessierten ein besseres Verst\u00e4ndnis f\u00fcr die historischen Hintergr\u00fcnde und die Entwicklung des japanischen Karate zu vermitteln. Daf\u00fcr sei den Bearbeitern des vorliegenden Buches gedankt. Das Buch ist eine sehr solide Arbeit. Dessen Lekt\u00fcre ist uneingeschr\u00e4nkt zu empfehlen.<br \/>\n<em>(Amazon Rezension von HOPLOblog, 30. Dezember 2021)<\/em><\/strong><\/p>\n<p><strong>&#8211; Verbreitet die Nachricht! Ein Klassiker ist geboren.<br \/>\nEndlich eine direkte \u00dcbersetzung ins Deutsche. Wie die \u00dcbersetzung ins Englische von Harumi Suzuki-Johnston ist es das Werk aus 1935 und keine sp\u00e4tere &#8222;\u00fcberarbeitete&#8220; Version.<i><br \/>\n<\/i>\u00a0 \u00a0 \u00a0Zum Buch:<br \/>\n&#8211; Gebundenes Buch, Hardcover<br \/>\n&#8211; Klasse Papier<br \/>\n&#8211; Originalfotos, aber gut aufbereitet (besser als bei Suzuki-Johnston)<br \/>\n&#8211; Leicht zu lesen<br \/>\n&#8211; Anmerkungen am Ende des Buches bieten Einordnung, Historisches, alternative \u00dcbersetzungen<i><br \/>\n<\/i>\u00a0 \u00a0 \u00a0Heiko Bittmann und Peter Kuhn ist wieder ein tolles Buch gelungen. Ein Buch, wo man sich fragt, warum es das nicht schon l\u00e4nger gab. Sie schlie\u00dfen eine echte L\u00fccke in der deutschsprachigen Karate-Literatur.<br \/>\nDie B\u00fccher von Bittmann sind generell zu empfehlen (Erwin von Baelz; Geschichte und Lehre des Karated\u014d, Schwert und Samurai).<i><br \/>\n<\/i>\u00a0 \u00a0 \u00a0\u00dcberhaupt k\u00f6nnen wir Leuten wie Bittmann, Wittwer, Quast, Braun, Niehaus, Boedicker nur zu tiefsten Dank verpflichtet sein. Ohne ihre Arbeit h\u00e4tte die breite Masse keinen Zugang zu japanischer Kampfkunstliteratur. Da ist bei mir in den Letzten 20 Jahren richtig viel ins Regal gewandert.<br \/>\n<em>(Amazon Rezension von Kindle-Kunde, 5. Februar 2022)<\/em><\/strong><\/p>\n<p><strong>&#8211; Historisches Karate-Dokument endlich in deutscher \u00dcbersetzung<br \/>\n<\/strong><strong>Danke danke danke.<i><br \/>\n<\/i>\u00a0 \u00a0 \u00a0Von diesem zentralen Werk von Funakoshi Sensei habe ich bereits zwei Ausgaben und hoffte seit langer Zeit auf eine deutsche Ausgabe mit den originalen Fotos von Sensei. Nun ist sie da und meine Begeisterung kennt keine Grenzen. Die Herausgeber haben hier etwas au\u00dfergew\u00f6hnliches geschaffen und dieses wichtige historische Dokument des Karate f\u00fcr die nachfolgenden Generationen in deutscher Sprache erhalten. Die moderne Interpretation des Shotokan, die bisweilen sehr dogmatisch weitergegeben wird, kann hier ausgezeichnet verglichen werden mit den urspr\u00fcnglichen Intentionen von Funakoshi Sensei vor rund 100 Jahren. Die Ausf\u00fchrung des Buches ist so wie ich sie aus Heiko Bittmanns ausgezeichneten Werken, die ich allesamt sehr sch\u00e4tze, kenne: sehr gut recherchiert, viele Verweise und Fu\u00dfnoten, hohe Qualit\u00e4t der alten Originalfotos, ein MUST HAVE in jeder Budo Bibliothek.<i><br \/>\n<\/i>\u00a0 \u00a0 \u00a0Herzlichen Gru\u00df aus Regensburg. Peter G\u00fcthing (43 Jahre Karate und Iaido)<br \/>\n<\/strong><em><strong>(Amazon Rezension von Iwao, 6. Februar 2022)<\/strong><\/em><\/p>\n<p><strong>&#8211; Erstklassige \u00dcbersetzung und hochwertige Aufarbeitung eines Klassikers!<br \/>\n<\/strong><strong>Heiko Bittmann ist f\u00fcr seine sorgf\u00e4ltigen Recherchen und seine wissenschaftliche Aufarbeitung bekannt &#8211; seine B\u00fccher habe ich tats\u00e4chlich bislang alle sehr genossen und auch sehr gesch\u00e4tzt, daher hat es mich sehr gefreut, dass er sich diesem Projekt gewidmet hat. Funakoshi Gichins Karated\u014d Ky\u014dhan ist nicht nur ein Klassiker, sondern auch heute noch ein wichtiges Grundlagenwerk, das weiterhin seine G\u00fcltigkeit hat. Umso wichtiger ist es, dass es vollst\u00e4ndig und sorgf\u00e4ltig \u00fcbersetzt und ebenso sorgf\u00e4ltig kommentiert und aufgearbeitet allen Karateka zur Verf\u00fcgung steht.<i><br \/>\n<\/i>\u00a0 \u00a0 \u00a0Bei dem vorliegenden Werk handelt es sich endlich um eine vollst\u00e4ndige Direkt\u00fcbersetzung aus dem Japanischen, bei der sich die \u00dcbersetzer&amp;Herausgeber die Zeit und Arbeit gemacht haben, auch auf die Sprache und Wortwahl gro\u00dfen Augenmerk zu legen. Hier bekommt man nicht nur einen groben Eindruck vom Inhalt, sondern das urspr\u00fcngliche Werk so detaillgetreu und sorgf\u00e4ltig aufbereitet, wie das \u00fcberhaupt nur m\u00f6glich ist.<i><br \/>\n<\/i>\u00a0 \u00a0 \u00a0Die zahlreichen und ausf\u00fchrlichen Fu\u00dfnoten und Kommentare bieten eine zus\u00e4tzliche F\u00fclle an Informationen und tiefere Einblicke, f\u00fcr die wir Leser nur dankbar sein k\u00f6nnen.<i><br \/>\n<\/i>\u00a0 \u00a0 \u00a0Auch der \u00e4u\u00dfere Eindruck stimmt:<i><br \/>\n<\/i>\u00a0 \u00a0 \u00a0ein ordentliches Hardcover, hochwertiges Papier, stabile Fadenbindung und ein nicht nur praktisches sondern auch dekoratives Leseb\u00e4ndchen &#8211; die Top-Qualit\u00e4t, die man vom Werner Kristkeitz Verlag gewohnt ist.<i><br \/>\n<\/i>\u00a0 \u00a0 \u00a0Fazit: ich bin begeistert und kann es jedem Karateka nur w\u00e4rmstens empfehlen.<br \/>\n<em>(Amazon\u00a0Rezension von\u00a0\u67d4\u8853\u7814\u7a76\u54e1, 25. Februar 2022)<\/em><\/strong><\/p>\n<p><strong>&#8211; Historisches Werk der Kampfkunst\u00a0<\/strong><br \/>\n<strong>Gichin Funakoshi gilt als der Vater des modernen Karate. Er brachte die Kampfkunst vor hundert Jahren von Okinawa nach Japan und verbreitete sie vor allem \u00fcber die Universit\u00e4ten. Sein Buch \u201eKaratedo Kyohan\u201c von 1935 war eines der ersten Lehrb\u00fccher, in dem Formen und Selbstverteidigungstechniken dargestellt wurden. Heiko Bittmann und Peter Kuhn haben dieses historische Werk erstmals ins Deutsche \u00fcbersetzt und im Kristkeitz-Verlag ver\u00f6ffentlicht.<i><br \/>\n<\/i>\u00a0 \u00a0 \u00a0D<\/strong><strong>ie Ausgabe von 1958 wurde bereits 1973 von Tsutomu Ohshima ins Englische \u00fcbersetzt und neu bebildert. Diese Ausgabe gilt f\u00fcr viele Karateka als das Standardwerk, wenn es um die Ausf\u00fchrung der Formen geht. Die jetzt vorliegenden \u201eLehrmuster der leeren Hand\u201c dokumentieren das Karate von Funakoshi selbst anhand zahlreicher Fotos in hoher Qualit\u00e4t. Auch der Einband macht das Buch zu einem Schmuckst\u00fcck in jeder Kampfkunst-Bibliothek.<\/strong><br \/>\n<strong>Das Buch ist aber auch gepr\u00e4gt vom nationalistischen Geist der Zeit, deshalb war es auch wichtig, die Kampfkunst von \u201echinesische Hand\u201c in \u201eLeere Hand\u201c umzubenennen. Und beim n\u00e4heren Hinsehen wird schnell klar, dass Karate in dieser Zeit vor allem zur Wehrert\u00fcchtigung dienen sollte. Interessant aus heutiger Sicht ist die Vielfalt des damaligen Karate: Hebel, Wurftechniken und Selbstverteidigung geh\u00f6rten so selbstverst\u00e4ndlich zum Unterrichtsprogramm wie die Formen.<\/strong><br \/>\n<em><strong>(Amazon Rezension von Marc O. Sigle, 12. M\u00e4rz 2022)<\/strong><\/em><\/p>\n<p><strong>&#8211; Spannend aber sehr technisch<\/strong><br \/>\n<strong>Als Trainer und leidenschaftlicher Karateka habe ich dieses Buch sehr genossen. F\u00fcr den vollen Genuss sollte man jedoch selbst schon Erfahrung mitbringen und durchaus einen langen Atem, denn der Technik Teil ist lehrreich, jedoch nicht im Roman Stil geschrieben.<\/strong><br \/>\n<em><strong>(Amazon Rezension von Jessy, 12. Mai 2022)<\/strong><\/em><\/p>\n<p><strong>&#8211; Hervorragendes Werk, nun in deutscher \u00dcbersetzung<\/strong><br \/>\n<strong>Die deutsche \u00dcbersetzung des Standardwerks Karatedo Kyohan erm\u00f6glicht es, sich mit direkt dem Wissen und den Prinzipien von Meister Funakoshi auseinanderzusetzen; &#8211; bisher hatte ich eine englische \u00dcbersetzung, genutzt. Ein Muss f\u00fcr jeden deutschsprachigen Karateka und speziell die im Shotokan Ryu \u00dcbenden. An einzelnen Stellen gehen S\u00e4tze nicht auf, aber die kleinen Fehler im Lektorat schm\u00e4lern nicht den Wert dieses hervorragenden Buches, daher f\u00fcnf Sterne.<\/strong><br \/>\n<em><strong>(Amazon Rezension von Karateka, 17. August 2022)<\/strong><\/em><\/p>\n<p><strong>&#8211; Endlich in Deutsch<\/strong><br \/>\n<strong>Habe mich sehr \u00fcber die deutsche \u00dcbersetzung gefreut!<\/strong><br \/>\n<em><strong>(Amazon Rezension von Dieter P., 19. September 2022)<\/strong><\/em><\/p>\n<p><strong>&#8211; Must have<\/strong><br \/>\n<strong>Mehr gibt es nicht zu sagen.<\/strong><br \/>\n<em><strong>(Amazon Rezension von Shoto, 10. Dezember 2022)<\/strong><\/em><\/p>\n<p><strong>&#8211; Die Wurzel des Shotokan<\/strong><br \/>\n<strong>Dieses Buch ist nicht nur die erste deutsche \u00dcbersetzung, es ist wahrscheinlich auch die sorgf\u00e4ltigste \u00dcbersetzung und \u00fcbertrifft die verschiedenen englischen Versionen, die es zurzeit gibt. Dar\u00fcber hinaus sind auch Papier, Einband und die Bearbeitung der Fotos vorbildlich.<\/strong><br \/>\n<em><strong>(Amazon Rezension von Alfred, 9. Januar 2023)<\/strong><\/em><\/p>\n<p><strong>&#8211; Exzellente Version<\/strong><br \/>\n<strong>Ich hatte bisher nur das englische Hardcover und muss sagen, diese deutsche Version ist extrem viel besser. Es deckt mehrere Versionen von Funakoshis Werk ab, die \u00dcbersetzung wurde von Teams von Spezialisten durchgef\u00fchrt, es gibt Anmerkungen zu den \u00dcbersetzungen, insbesondere bei Mehrdeutigkeiten oder historisch\/kulturellen Hintergr\u00fcnden.<i><br \/>\n<\/i>\u00a0 \u00a0 \u00a0<\/strong><strong>Die Fotos zeigen Funakoshi selbst und sind von sehr guter Qualit\u00e4t. Das Buch erf\u00fcllt allerdings mehr eine historische, als eine trainings-praxisrelevante Rolle. Das hei\u00dft, es sollte dem Leser eigentlich um Funakoshis Worte\/Bilder und Lehre selbst gehen, nicht um spezifische Karatedetails. Denn sp\u00e4ter geschaffene Werke (z.B. reine Technik- oder Katab\u00fccher) gehen wesentlich mehr ins Detail, was das angeht. Karate hat sich in den letzten hundert Jahren schlie\u00dflich auch mehrfach gewandelt.<\/strong><br \/>\n<em><strong>(Amazon Rezension von M., 21. Dezember 2023)<\/strong><\/em><\/p>\n<p><strong>&#8211; Eine Grundlage des Karate<\/strong><br \/>\n<strong>Dieses\u00a0Buch ist &#8222;ein MUSS&#8220; f\u00fcr Karatekas, die nicht nur Sport betreiben.<br \/>\nEndlich auch in der deutschen \u00dcbersetzung&#8230; aber trotzdem keine &#8222;leichte&#8220; Lekt\u00fcre.<br \/>\nSkizzen, Basics und Hintergr\u00fcnde, welche man im normalen Training selten erkl\u00e4rt bekommt.<\/strong><br \/>\n<em><strong>(Amazon Rezension von Terry166, 30. Juli 2024)<\/strong><\/em><\/p>\n<p><strong>&#8211; Must-Have f\u00fcr Shotokan Karateka<\/strong><br \/>\n<strong>\u00dcber das fachliche Wissen Funakoshis muss ich nicht ausholen. Diese Ikone des Shotokan vermittelt in seinem Buch anschaulich durch (teils sehr alte) Bildern und Zeichnungen Kihon, Kata und Kumite.<br \/>\nEin Fest f\u00fcr Shotokan Karateka, die Wissen \u00fcber die traditionellen Wege erlangen wollen.<br \/>\nAber: es ist keine Lekt\u00fcre f\u00fcr den Nachttisch. Es muss eigentlich im Dojo gelesen werden, da man es direkt ausprobieren m\u00f6chte!<\/strong><br \/>\n<em><strong>(Amazon Rezension von Jimmy D\u00f6ring, 20. Juni 2025)<\/strong><\/em><\/p>\n<p><strong>&#8211; Karate<\/strong><br \/>\n<strong>Ein Muss f\u00fcr jeden Karateka.<\/strong><br \/>\n<em><strong>(Amazon Rezension von Reiner W., 10. September 2025)<\/strong><\/em><\/p>","protected":false},"excerpt":{"rendered":"<p>Funakoshi Gichin: Karated\u014d Ky\u014dhan. Lehrmuster des Weges der leeren Hand Herausgegeben, eingeleitet und annotiert von Heiko Bittmann und Peter Kuhn 21. Dezember 2021 \/ ISBN:\u200e 978-3948378158 \/ 382 Seiten \/ Hardcover \/ Verlag Werner Kristkeitz \/ Sprache: Deutsch Funakoshis \u00abLehrmuster des Weges der leeren Hand\u00bb aus dem Jahr 1935 ist ein Klassiker der Kampfkunstliteratur. Der [&hellip;]<\/p>\n","protected":false},"featured_media":525,"comment_status":"open","ping_status":"closed","template":"","meta":[],"product_brand":[],"product_cat":[15],"product_tag":[],"class_list":{"0":"post-524","1":"product","2":"type-product","3":"status-publish","4":"has-post-thumbnail","6":"product_cat-buch","8":"first","9":"instock","10":"shipping-taxable","11":"purchasable","12":"product-type-simple"},"jetpack_sharing_enabled":true,"_links":{"self":[{"href":"https:\/\/www.bittmann-verlag.com\/en\/wp-json\/wp\/v2\/product\/524","targetHints":{"allow":["GET"]}}],"collection":[{"href":"https:\/\/www.bittmann-verlag.com\/en\/wp-json\/wp\/v2\/product"}],"about":[{"href":"https:\/\/www.bittmann-verlag.com\/en\/wp-json\/wp\/v2\/types\/product"}],"replies":[{"embeddable":true,"href":"https:\/\/www.bittmann-verlag.com\/en\/wp-json\/wp\/v2\/comments?post=524"}],"wp:featuredmedia":[{"embeddable":true,"href":"https:\/\/www.bittmann-verlag.com\/en\/wp-json\/wp\/v2\/media\/525"}],"wp:attachment":[{"href":"https:\/\/www.bittmann-verlag.com\/en\/wp-json\/wp\/v2\/media?parent=524"}],"wp:term":[{"taxonomy":"product_brand","embeddable":true,"href":"https:\/\/www.bittmann-verlag.com\/en\/wp-json\/wp\/v2\/product_brand?post=524"},{"taxonomy":"product_cat","embeddable":true,"href":"https:\/\/www.bittmann-verlag.com\/en\/wp-json\/wp\/v2\/product_cat?post=524"},{"taxonomy":"product_tag","embeddable":true,"href":"https:\/\/www.bittmann-verlag.com\/en\/wp-json\/wp\/v2\/product_tag?post=524"}],"curies":[{"name":"wp","href":"https:\/\/api.w.org\/{rel}","templated":true}]}}