{"id":965,"date":"2023-04-06T08:01:08","date_gmt":"2023-04-06T06:01:08","guid":{"rendered":"https:\/\/www.bittmann-verlag.com\/?post_type=product&#038;p=965"},"modified":"2024-04-19T07:16:46","modified_gmt":"2024-04-19T05:16:46","slug":"%e4%bd%93%e8%82%b2%e3%83%bb%e3%82%b9%e3%83%9d%e3%83%bc%e3%83%84%e3%83%bb%e6%ad%a6%e8%a1%93%e3%81%ae%e6%ad%b4%e5%8f%b2%e3%81%ab%e3%81%bf%e3%82%8b%e3%80%8c%e4%b8%ad%e5%a4%ae%e3%80%8d%e3%81%a8%e3%80%8c","status":"publish","type":"product","link":"https:\/\/www.bittmann-verlag.com\/en\/product\/%e4%bd%93%e8%82%b2%e3%83%bb%e3%82%b9%e3%83%9d%e3%83%bc%e3%83%84%e3%83%bb%e6%ad%a6%e8%a1%93%e3%81%ae%e6%ad%b4%e5%8f%b2%e3%81%ab%e3%81%bf%e3%82%8b%e3%80%8c%e4%b8%ad%e5%a4%ae%e3%80%8d%e3%81%a8%e3%80%8c\/","title":{"rendered":"\u4f53\u80b2\u30fb\u30b9\u30dd\u30fc\u30c4\u30fb\u6b66\u8853\u306e\u6b74\u53f2\u306b\u307f\u308b\u300c\u4e2d\u592e\u300d\u3068\u300c\u5468\u7e01\u300d"},"content":{"rendered":"<h5><strong><big>\u85e4\u4e95\u96c5\u4eba\u3001\u30d3\u30c3\u30c8\u30de\u30f3 \u30cf\u30a4\u30b3\u3001\u548c\u7530\u6d69\u4e00\u3001\u698e\u672c\u96c5\u4e4b\u3001\u4f50\u3005\u6728<\/big><\/strong><strong><big>\u6d69\u96c4\u3001\u85e4\u5742\u7531\u7f8e\u5b50\u3001\u5bf3\u5b78\u6df3\u90ce<\/big><\/strong><strong><big>\u7de8\u8457<\/big><\/strong><\/h5>\n<h4><strong>\u4f53\u80b2\u30fb\u30b9\u30dd\u30fc\u30c4\u30fb\u6b66\u8853\u306e\u6b74\u53f2\u306b\u307f\u308b\u300c\u4e2d\u592e\u300d\u3068\u300c\u5468\u7e01\u300d<\/strong><\/h4>\n<h5><strong><big>\u56fd\u5bb6\u30fb\u5730\u65b9\u30fb\u56fd\u969b\u4ea4\u6d41\u3000<\/big><\/strong><big><\/big><\/h5>\n<p><strong>A5\u5224\u4e0a\u88fd\/339\u9801\/2015\u5e74\u520a\/7,500\u5186+\u7a0e\/978-4-8105-2130-6\/\u9053\u548c\u66f8\u9662<\/strong><\/p>\n<p><strong><span lang=\"DE\">Fujii, Masato; Bittmann, Heiko; Wada, K\u014dichi; Enomoto, Masayuki; Sasaki, Hir\u014d; Fujisaka Yumiko; H\u014dgaku, Atsuro<\/span><\/strong><strong><span lang=\"DE\">\u00a0(Autoren &amp; Hrsg.): <i>Taiiku, sup\u014dtsu, bujutsu no rekishi ni miru &#8218;chu\u014d&#8216; to ,sh\u016ben&#8216;. Kokka, chih\u014d, kokusai k\u014dry\u016b <\/i><\/span><span lang=\"DE\">(&#8218;<\/span><span lang=\"DE\">Zentrum&#8216;\u00a0<\/span>und\u00a0<span lang=\"DE\">&#8218;<\/span><span lang=\"DE\">Peripherie&#8216;<\/span><span lang=\"DE\">,\u00a0<\/span>wie sie in der Geschichte der Leibeserziehung, des Sports und der Kampfk\u00fcnste zu sehen sind. Staat\u00a0<span lang=\"DE\">\u2014\u00a0<\/span>Regionale Gebiete\u00a0<span lang=\"DE\">\u2014\u00a0<\/span>Internationaler Austausch).\u00a0<span lang=\"DE\">T\u014dky\u014d: D\u014dwa Shoin, 2015.<\/span><\/strong><\/p>\n<p><strong>10. Februar 2015 \/ ISBN: 978-4810521306 \/ 339 Seiten<\/strong><strong>\u00a0\/ DIN A5 \/ Hardcover \/ Sprache: Japanisch<\/strong><\/p>\n<p><span style=\"color: #000000;\"><strong>This book contains articles in Japanese about physical education, sports and martial arts.<\/strong><\/span><\/p>\n<p><b><big><span style=\"color: #ff6600;\"><span style=\"color: #ff0000;\">\u7d76\u7248\uff01Dieses Buch ist leider vergriffen! SOLD OUT!<\/span><\/span><\/big><\/b><\/p>\n<pre><b>\u5185\u5bb9\u6982\u7565<\/b><\/pre>\n<p><strong>\uff11\uff14\u540d\u306e\u7814\u7a76\u8005\u304c\u305d\u308c\u305e\u308c\u306e\u8996\u70b9\u304b\u3089\u4e2d\u592e\u3068\u300c\u5730\u65b9\u300d\u300c\u5468 \u7e01\u300d\u3092\u5bfe\u7f6e\u3057\u3066\u4f53\u80b2\u53f2\u3092\u63cf\u304f\u3002\uff11\uff09\u4f53\u80b2\u53f2\u306b\u304a\u3051\u308b\u300c\u4e2d\u592e\u300d\u3068\u300c\u5730\u65b9\u300d\u3001\uff12\uff09\u30b9\u30dd\u30fc\u30c4\u306e\u5c55\u958b\u3068\u30ed\u30fc\u30ab\u30eb\u30fb\u30a2\u30a4\u30c7 \u30f3\u30c6\u30a3\u30c6\u30a3\u3001\uff13\uff09\u6771\u30a2\u30b8\u30a2\u306e\u6b66\u8853\u4ea4\u6d41\u30fb\u767a\u5c55\u53f2\u3002<\/strong><\/p>","protected":false},"excerpt":{"rendered":"<p>\u85e4\u4e95\u96c5\u4eba\u3001\u30d3\u30c3\u30c8\u30de\u30f3 \u30cf\u30a4\u30b3\u3001\u548c\u7530\u6d69\u4e00\u3001\u698e\u672c\u96c5\u4e4b\u3001\u4f50\u3005\u6728\u6d69\u96c4\u3001\u85e4\u5742\u7531\u7f8e\u5b50\u3001\u5bf3\u5b78\u6df3\u90ce\u7de8\u8457 \u4f53\u80b2\u30fb\u30b9\u30dd\u30fc\u30c4\u30fb\u6b66\u8853\u306e\u6b74\u53f2\u306b\u307f\u308b\u300c\u4e2d\u592e\u300d\u3068\u300c\u5468\u7e01\u300d \u56fd\u5bb6\u30fb\u5730\u65b9\u30fb\u56fd\u969b\u4ea4\u6d41\u3000 A5\u5224\u4e0a\u88fd\/339\u9801\/2015\u5e74\u520a\/7,500\u5186+\u7a0e\/978-4-8105-2130-6\/\u9053\u548c\u66f8\u9662 Fujii, Masato; Bittmann, Heiko; Wada, K\u014dichi; Enomoto, Masayuki; Sasaki, Hir\u014d; Fujisaka Yumiko; H\u014dgaku, Atsuro\u00a0(Autoren &amp; Hrsg.): Taiiku, sup\u014dtsu, bujutsu no rekishi ni miru &#8218;chu\u014d&#8216; to ,sh\u016ben&#8216;. Kokka, chih\u014d, kokusai k\u014dry\u016b (&#8218;Zentrum&#8216;\u00a0und\u00a0&#8218;Peripherie&#8216;,\u00a0wie sie in der Geschichte der Leibeserziehung, des Sports und der Kampfk\u00fcnste zu sehen sind. Staat\u00a0\u2014\u00a0Regionale Gebiete\u00a0\u2014\u00a0Internationaler Austausch).\u00a0T\u014dky\u014d: D\u014dwa Shoin, [&hellip;]<\/p>\n","protected":false},"featured_media":966,"comment_status":"open","ping_status":"closed","template":"","meta":[],"product_brand":[],"product_cat":[15],"product_tag":[],"class_list":{"0":"post-965","1":"product","2":"type-product","3":"status-publish","4":"has-post-thumbnail","6":"product_cat-buch","8":"first","9":"outofstock","10":"shipping-taxable","11":"product-type-simple"},"jetpack_sharing_enabled":true,"_links":{"self":[{"href":"https:\/\/www.bittmann-verlag.com\/en\/wp-json\/wp\/v2\/product\/965","targetHints":{"allow":["GET"]}}],"collection":[{"href":"https:\/\/www.bittmann-verlag.com\/en\/wp-json\/wp\/v2\/product"}],"about":[{"href":"https:\/\/www.bittmann-verlag.com\/en\/wp-json\/wp\/v2\/types\/product"}],"replies":[{"embeddable":true,"href":"https:\/\/www.bittmann-verlag.com\/en\/wp-json\/wp\/v2\/comments?post=965"}],"wp:featuredmedia":[{"embeddable":true,"href":"https:\/\/www.bittmann-verlag.com\/en\/wp-json\/wp\/v2\/media\/966"}],"wp:attachment":[{"href":"https:\/\/www.bittmann-verlag.com\/en\/wp-json\/wp\/v2\/media?parent=965"}],"wp:term":[{"taxonomy":"product_brand","embeddable":true,"href":"https:\/\/www.bittmann-verlag.com\/en\/wp-json\/wp\/v2\/product_brand?post=965"},{"taxonomy":"product_cat","embeddable":true,"href":"https:\/\/www.bittmann-verlag.com\/en\/wp-json\/wp\/v2\/product_cat?post=965"},{"taxonomy":"product_tag","embeddable":true,"href":"https:\/\/www.bittmann-verlag.com\/en\/wp-json\/wp\/v2\/product_tag?post=965"}],"curies":[{"name":"wp","href":"https:\/\/api.w.org\/{rel}","templated":true}]}}